{"id":987,"date":"2024-11-03T13:33:30","date_gmt":"2024-11-03T13:33:30","guid":{"rendered":"https:\/\/langannhien.net\/?post_type=product&#038;p=987"},"modified":"2026-04-14T20:02:40","modified_gmt":"2026-04-14T20:02:40","slug":"toner-hoa-hong-be-rose-linh-mieu-x-lang-an-nhien","status":"publish","type":"product","link":"https:\/\/langannhien.net\/?product=toner-hoa-hong-be-rose-linh-mieu-x-lang-an-nhien","title":{"rendered":"Toner Hoa H\u1ed3ng Be Rose Linh Mi\u00eau x L\u00e0ng An Nhi\u00ean"},"content":{"rendered":"<p><span style=\"font-weight: 400;\">N\u01b0\u1edbc hoa h\u1ed3ng m\u1ed9t s\u1ea3n ph\u1ea9m kh\u00f4ng th\u1ec3 thi\u1ebfu gi\u00fap c\u00e2n b\u1eb1ng da, c\u00e2n b\u1eb1ng \u0111\u1ed9 \u1ea9m, pH sau khi r\u1eeda m\u1eb7t, gi\u00fap th\u00fac \u0111\u1ea9y hi\u1ec7u qu\u1ea3 c\u1ee7a c\u00e1c b\u01b0\u1edbc d\u01b0\u1ee1ng da ti\u1ebfp theo. N\u01b0\u1edbc hoa h\u1ed3ng Be Rose L\u00e0ng An Nhi\u00ean v\u1edbi k\u1ebft c\u1ea5u d\u1ea1ng n\u01b0\u1edbc l\u1ecfng, th\u1ea5m nhanh, kh\u00f4ng b\u1ebft d\u00ednh tr\u00ean da, ph\u00f9 h\u1ee3p v\u1edbi m\u1ecdi lo\u1ea1i da.\u00a0<\/span><\/p>\n<p><img loading=\"lazy\" decoding=\"async\" class=\"aligncenter size-full wp-image-982\" src=\"http:\/\/langannhien.net\/wp-content\/uploads\/2024\/11\/IMG_4940-scaled.jpg\" alt=\"\" width=\"1920\" height=\"2560\" srcset=\"https:\/\/langannhien.net\/wp-content\/uploads\/2024\/11\/IMG_4940-scaled.jpg 1920w, https:\/\/langannhien.net\/wp-content\/uploads\/2024\/11\/IMG_4940-225x300.jpg 225w, https:\/\/langannhien.net\/wp-content\/uploads\/2024\/11\/IMG_4940-768x1024.jpg 768w, https:\/\/langannhien.net\/wp-content\/uploads\/2024\/11\/IMG_4940-1152x1536.jpg 1152w, https:\/\/langannhien.net\/wp-content\/uploads\/2024\/11\/IMG_4940-1536x2048.jpg 1536w, https:\/\/langannhien.net\/wp-content\/uploads\/2024\/11\/IMG_4940-600x800.jpg 600w\" sizes=\"auto, (max-width: 1920px) 100vw, 1920px\" \/><\/p>\n<p><span style=\"font-weight: 400;\">N\u01b0\u1edbc hoa h\u1ed3ng Be Rose \u0111\u01b0\u1ee3c chi\u1ebft xu\u1ea5t t\u1eeb c\u00e1nh hoa h\u1ed3ng t\u01b0\u01a1i, n\u1ed5i b\u1eadt v\u1edbi \u0111\u1eb7c t\u00ednh d\u01b0\u1ee1ng \u1ea9m, l\u00e0m s\u1ea1ch da hi\u1ec7u qu\u1ea3, lo\u1ea1i b\u1ecf b\u1ee5i b\u1ea9n tr\u00ean da mang l\u1ea1i l\u00e0n da th\u00f4ng tho\u00e1ng v\u00e0 m\u1ec1m m\u1ecbn t\u1eeb s\u00e2u b\u00ean trong. Ngo\u00e0i ra, chi\u1ebft xu\u1ea5t hoa c\u00fac La M\u00e3, gi\u00e0u flavonoid, coumarins, tinh d\u1ea7u v\u00e0 polysaccharides c\u00f3 t\u00e1c d\u1ee5ng kh\u00e1ng vi\u00eam, kh\u00e1ng khu\u1ea9n, b\u1ea3o v\u1ec7 da kh\u1ecfi t\u00e1c h\u1ea1i c\u1ee7a \u00e1nh n\u1eafng m\u1eb7t tr\u1eddi, ng\u0103n s\u1ef1 h\u00ecnh th\u00e0nh c\u00e1c g\u1ed1c t\u1ef1 do g\u00e2y l\u00e3o h\u00f3a.<\/span><\/p>\n<p><img loading=\"lazy\" decoding=\"async\" class=\"aligncenter size-full wp-image-983\" src=\"http:\/\/langannhien.net\/wp-content\/uploads\/2024\/11\/IMG_4928-scaled.jpg\" alt=\"\" width=\"1920\" height=\"2560\" srcset=\"https:\/\/langannhien.net\/wp-content\/uploads\/2024\/11\/IMG_4928-scaled.jpg 1920w, https:\/\/langannhien.net\/wp-content\/uploads\/2024\/11\/IMG_4928-225x300.jpg 225w, https:\/\/langannhien.net\/wp-content\/uploads\/2024\/11\/IMG_4928-768x1024.jpg 768w, https:\/\/langannhien.net\/wp-content\/uploads\/2024\/11\/IMG_4928-1152x1536.jpg 1152w, https:\/\/langannhien.net\/wp-content\/uploads\/2024\/11\/IMG_4928-1536x2048.jpg 1536w, https:\/\/langannhien.net\/wp-content\/uploads\/2024\/11\/IMG_4928-600x800.jpg 600w\" sizes=\"auto, (max-width: 1920px) 100vw, 1920px\" \/><\/p>\n<p><b>Th\u00e0nh ph\u1ea7n chi ti\u1ebft:<\/b><span style=\"font-weight: 400;\"> Water, Damask Rose Flower Oil, Glycerin, Panthenol, Matricaria Flower Extract, Propylene Glycol, Peg-40 Hydrogenated Castor Oil, Potassium Sorbate.<\/span><\/p>\n<p><b>H\u01b0\u1edbng d\u1eabn s\u1eed d\u1ee5ng: <\/b><span style=\"font-weight: 400;\">L\u1ea5y m\u1ed9t l\u01b0\u1ee3ng s\u1ea3n ph\u1ea9m v\u1eeba \u0111\u1ee7 thoa \u0111\u1ec1u l\u00ean da m\u1eb7t, v\u1ed7 nh\u1eb9 \u0111\u1ec3 toner d\u1ec5 d\u00e0ng th\u1ea9m th\u1ea5u v\u00e0o da. C\u00f3 th\u1ec3 k\u1ebft h\u1ee3p b\u00f4ng t\u1ea9y trang ho\u1eb7c d\u00f9ng tay (l\u00e0m s\u1ea1ch tay tr\u01b0\u1edbc khi apply toner). S\u1eed d\u1ee5ng h\u00e0ng ng\u00e0y \u0111\u1ec3 mang l\u1ea1i hi\u1ec7u qu\u1ea3 t\u1ed1i \u01b0u.<\/span><\/p>\n","protected":false},"excerpt":{"rendered":"<p><b>Th\u01b0\u01a1ng hi\u1ec7u:<\/b><span style=\"font-weight: 400;\"> L\u00e0ng An Nhi\u00ean<\/span><span style=\"font-weight: 400;\"><br \/>\n<\/span><b>Xu\u1ea5t x\u1ee9:<\/b><span style=\"font-weight: 400;\"> Vi\u1ec7t Nam (Formula from Korea)<\/span><span style=\"font-weight: 400;\"><br \/>\n<\/span><b>Dung t\u00edch:<\/b><span style=\"font-weight: 400;\"> 200ml<\/span><span style=\"font-weight: 400;\"><br \/>\n<\/span><b>C\u00f4ng d\u1ee5ng:<\/b><span style=\"font-weight: 400;\"> N\u01b0\u1edbc hoa h\u1ed3ng Be Rose \u0111\u01b0\u1ee3c l\u1ea5y c\u1ea3m h\u1ee9ng t\u1eeb phim \u0111i\u1ec7n \u1ea3nh Linh mi\u00eau v\u00e0\u00a0 chi\u1ebft xu\u1ea5t t\u1eeb c\u00e1nh hoa h\u1ed3ng t\u01b0\u01a1i, n\u1ed5i b\u1eadt v\u1edbi \u0111\u1eb7c t\u00ednh d\u01b0\u1ee1ng \u1ea9m, l\u00e0m s\u1ea1ch da hi\u1ec7u qu\u1ea3, lo\u1ea1i b\u1ecf b\u1ee5i b\u1ea9n tr\u00ean da mang l\u1ea1i l\u00e0n da th\u00f4ng tho\u00e1ng v\u00e0 m\u1ec1m m\u1ecbn t\u1eeb s\u00e2u b\u00ean trong.<\/span><\/p>\n","protected":false},"featured_media":984,"comment_status":"open","ping_status":"closed","template":"","meta":[],"product_cat":[70],"product_tag":[121,79,119,112,113,120],"class_list":{"0":"post-987","1":"product","2":"type-product","3":"status-publish","4":"has-post-thumbnail","6":"product_cat-cham-soc-da-mat","7":"product_tag-be-rose","8":"product_tag-lang-an-nhien","9":"product_tag-linh-mieu","10":"product_tag-nuoc-hoa-hong","11":"product_tag-toner","12":"product_tag-toner-hoa-hong","14":"first","15":"instock","16":"sale","17":"shipping-taxable","18":"purchasable","19":"product-type-simple"},"_links":{"self":[{"href":"https:\/\/langannhien.net\/index.php?rest_route=\/wp\/v2\/product\/987","targetHints":{"allow":["GET"]}}],"collection":[{"href":"https:\/\/langannhien.net\/index.php?rest_route=\/wp\/v2\/product"}],"about":[{"href":"https:\/\/langannhien.net\/index.php?rest_route=\/wp\/v2\/types\/product"}],"replies":[{"embeddable":true,"href":"https:\/\/langannhien.net\/index.php?rest_route=%2Fwp%2Fv2%2Fcomments&post=987"}],"wp:featuredmedia":[{"embeddable":true,"href":"https:\/\/langannhien.net\/index.php?rest_route=\/wp\/v2\/media\/984"}],"wp:attachment":[{"href":"https:\/\/langannhien.net\/index.php?rest_route=%2Fwp%2Fv2%2Fmedia&parent=987"}],"wp:term":[{"taxonomy":"product_cat","embeddable":true,"href":"https:\/\/langannhien.net\/index.php?rest_route=%2Fwp%2Fv2%2Fproduct_cat&post=987"},{"taxonomy":"product_tag","embeddable":true,"href":"https:\/\/langannhien.net\/index.php?rest_route=%2Fwp%2Fv2%2Fproduct_tag&post=987"}],"curies":[{"name":"wp","href":"https:\/\/api.w.org\/{rel}","templated":true}]}}