{"id":986,"date":"2024-11-03T13:29:05","date_gmt":"2024-11-03T13:29:05","guid":{"rendered":"https:\/\/langannhien.net\/?post_type=product&#038;p=986"},"modified":"2026-04-16T13:47:26","modified_gmt":"2026-04-16T13:47:26","slug":"nuoc-hoa-sap-dang-thoi-son-be-flower-lang-an-nhien","status":"publish","type":"product","link":"https:\/\/langannhien.net\/?product=nuoc-hoa-sap-dang-thoi-son-be-flower-lang-an-nhien","title":{"rendered":"N\u01b0\u1edbc Hoa S\u00e1p D\u1ea1ng Th\u1ecfi Son Be Flower L\u00e0ng An Nhi\u00ean"},"content":{"rendered":"<p><strong>\u0110\u00c2Y KH\u00d4NG PH\u1ea2I L\u00c0 M\u1ed8T TH\u1eceI SON, \u0110\u00c2Y L\u00c0 N\u01af\u1edaC HOA!<\/strong><\/p>\n<p><span style=\"font-weight: 400;\">Tho\u1ea1t nh\u00ecn thi\u1ebft k\u1ebf ban \u0111\u1ea7u ch\u1eafc h\u1eb3n ai c\u0169ng ngh\u0129 \u0111\u00e2y l\u00e0 m\u1ed9t th\u1ecfi son d\u01b0\u1ee1ng lipbalm xinh x\u1eafn \u0111\u00e1ng y\u00eau cho \u0111\u1ebfn khi b\u1ea1n v\u1eb7n th\u1ecfi son l\u00ean v\u00e0 c\u1ea3m nh\u1eadn h\u01b0\u01a1ng n\u01b0\u1edbc hoa n\u1ed3ng n\u00e0n lan t\u1ecfa.<\/span><\/p>\n<p><span style=\"font-weight: 400;\">Be Flower Perfume l\u00e0 m\u1ed9t s\u1ea3n ph\u1ea9m n\u01b0\u1edbc hoa d\u1ea1ng s\u00e1p \u0111\u01b0\u1ee3c n\u00e9n trong h\u00ecnh th\u1ee9c bao b\u00ec h\u1ec7t nh\u01b0 m\u1ed9t th\u1ecfi son m\u00f4i, v\u1eeba l\u00e0 v\u0169 kh\u00ed c\u1ee7a h\u01b0\u01a1ng th\u01a1m v\u1eeba l\u00e0 m\u00f3n \u0111\u1ed3 ph\u1ee5 ki\u1ec7n sang tr\u1ecdng, \u0111\u1eb3ng c\u1ea5p cho ph\u00e1i n\u1eef.<\/span><\/p>\n<p><img loading=\"lazy\" decoding=\"async\" class=\"aligncenter size-full wp-image-979\" src=\"http:\/\/langannhien.net\/wp-content\/uploads\/2024\/11\/IMG_4861-1-scaled.jpg\" alt=\"\" width=\"1920\" height=\"2560\" srcset=\"https:\/\/langannhien.net\/wp-content\/uploads\/2024\/11\/IMG_4861-1-scaled.jpg 1920w, https:\/\/langannhien.net\/wp-content\/uploads\/2024\/11\/IMG_4861-1-225x300.jpg 225w, https:\/\/langannhien.net\/wp-content\/uploads\/2024\/11\/IMG_4861-1-768x1024.jpg 768w, https:\/\/langannhien.net\/wp-content\/uploads\/2024\/11\/IMG_4861-1-1152x1536.jpg 1152w, https:\/\/langannhien.net\/wp-content\/uploads\/2024\/11\/IMG_4861-1-1536x2048.jpg 1536w, https:\/\/langannhien.net\/wp-content\/uploads\/2024\/11\/IMG_4861-1-600x800.jpg 600w\" sizes=\"auto, (max-width: 1920px) 100vw, 1920px\" \/><\/p>\n<p><span style=\"font-weight: 400;\">N\u01b0\u1edbc Hoa S\u00e1p D\u1ea1ng Th\u1ecfi Son Be Flower c\u00f3 ngu\u1ed3n g\u1ed1c\u00a0 t\u1ef1 nhi\u00ean v\u00e0 \u0111\u01b0\u1ee3c l\u00e0m t\u1eeb s\u00e1p th\u1ef1c v\u1eadt. \u0110\u00e2y l\u00e0 lo\u1ea1i n\u01b0\u1edbc hoa c\u00f4 \u0111\u1eb7c kh\u00f4ng ch\u1ee9a c\u1ed3n v\u1edbi l\u1edbp n\u1ec1n trong su\u1ed1t gi\u00fap l\u00e0n da th\u1ea5m \u0111\u1eabm h\u01b0\u01a1ng th\u01a1m t\u01b0\u01a1i m\u00e1t v\u00e0 d\u1ecbu d\u00e0ng. D\u1ea1ng th\u1ecfi son si\u00eau ti\u1ec7n l\u1ee3i mang theo b\u00ean m\u00ecnh.\u00a0<\/span><\/p>\n<p><img loading=\"lazy\" decoding=\"async\" class=\"aligncenter size-full wp-image-980\" src=\"http:\/\/langannhien.net\/wp-content\/uploads\/2024\/11\/IMG_4888-scaled.jpg\" alt=\"\" width=\"1920\" height=\"2560\" srcset=\"https:\/\/langannhien.net\/wp-content\/uploads\/2024\/11\/IMG_4888-scaled.jpg 1920w, https:\/\/langannhien.net\/wp-content\/uploads\/2024\/11\/IMG_4888-225x300.jpg 225w, https:\/\/langannhien.net\/wp-content\/uploads\/2024\/11\/IMG_4888-768x1024.jpg 768w, https:\/\/langannhien.net\/wp-content\/uploads\/2024\/11\/IMG_4888-1152x1536.jpg 1152w, https:\/\/langannhien.net\/wp-content\/uploads\/2024\/11\/IMG_4888-1536x2048.jpg 1536w, https:\/\/langannhien.net\/wp-content\/uploads\/2024\/11\/IMG_4888-600x800.jpg 600w\" sizes=\"auto, (max-width: 1920px) 100vw, 1920px\" \/><\/p>\n<p><span style=\"font-weight: 400;\">H\u01b0\u1edbng d\u1eabn s\u1eed d\u1ee5ng: C\u00f3 th\u1ec3 thoa tr\u1ef1c ti\u1ebfp l\u00ean c\u00e1c \u0111i\u1ec3m c\u1ed5 ng\u1ef1c v\u00e0 c\u1ed5 tay ho\u1eb7c b\u1ea5t c\u1ee9 v\u00f9ng da n\u00e0o b\u1ea1n mu\u1ed1n t\u1ecfa h\u01b0\u01a1ng th\u01a1m.\u00a0<\/span><\/p>\n<p><span style=\"font-weight: 400;\">H\u01b0\u01a1ng \u0111\u1ea7u: Chanh, G\u1eebng<\/span><\/p>\n<p><span style=\"font-weight: 400;\">H\u01b0\u01a1ng gi\u1eefa: Hoa m\u1eabu \u0111\u01a1n, Hoa h\u1ed3ng<\/span><\/p>\n<p><span style=\"font-weight: 400;\">H\u01b0\u01a1ng cu\u1ed1i: X\u1ea1 H\u01b0\u01a1ng, H\u1ed5 Ph\u00e1ch<\/span><\/p>\n","protected":false},"excerpt":{"rendered":"<p><span style=\"font-weight: 400;\"><strong>Th\u01b0\u01a1ng hi\u1ec7u:<\/strong> Be Flower\u00a0<\/span><\/p>\n<p><span style=\"font-weight: 400;\"><strong>Xu\u1ea5t x\u1ee9:<\/strong> Vi\u1ec7t Nam (S\u1ea3n ph\u1ea9m \u0111\u1ed9c quy\u1ec1n c\u1ee7a L\u00e0ng An Nhi\u00ean)<\/span><\/p>\n<p><span style=\"font-weight: 400;\"><strong>Tr\u1ecdng l\u01b0\u1ee3ng:<\/strong> 10g<\/span><\/p>\n<p><span style=\"font-weight: 400;\"><strong>H\u01b0\u01a1ng th\u01a1m:<\/strong> X\u1ea1 h\u01b0\u01a1ng, qu\u1ea3 chanh, qu\u1ea3 h\u1ed3ng<\/span><\/p>\n<p><span style=\"font-weight: 400;\">Phong c\u00e1ch: Thanh l\u1ecbch, quy\u1ebfn r\u0169<\/span><\/p>\n","protected":false},"featured_media":1021,"comment_status":"open","ping_status":"closed","template":"","meta":[],"product_cat":[74],"product_tag":[79,81,109,111,118],"class_list":{"0":"post-986","1":"product","2":"type-product","3":"status-publish","4":"has-post-thumbnail","6":"product_cat-nuoc-hoa","7":"product_tag-lang-an-nhien","8":"product_tag-nuoc-hoa","9":"product_tag-nuoc-hoa-sap","10":"product_tag-son-nuoc-hoa","11":"product_tag-thoi-son","13":"first","14":"instock","15":"sale","16":"shipping-taxable","17":"purchasable","18":"product-type-simple"},"_links":{"self":[{"href":"https:\/\/langannhien.net\/index.php?rest_route=\/wp\/v2\/product\/986","targetHints":{"allow":["GET"]}}],"collection":[{"href":"https:\/\/langannhien.net\/index.php?rest_route=\/wp\/v2\/product"}],"about":[{"href":"https:\/\/langannhien.net\/index.php?rest_route=\/wp\/v2\/types\/product"}],"replies":[{"embeddable":true,"href":"https:\/\/langannhien.net\/index.php?rest_route=%2Fwp%2Fv2%2Fcomments&post=986"}],"wp:featuredmedia":[{"embeddable":true,"href":"https:\/\/langannhien.net\/index.php?rest_route=\/wp\/v2\/media\/1021"}],"wp:attachment":[{"href":"https:\/\/langannhien.net\/index.php?rest_route=%2Fwp%2Fv2%2Fmedia&parent=986"}],"wp:term":[{"taxonomy":"product_cat","embeddable":true,"href":"https:\/\/langannhien.net\/index.php?rest_route=%2Fwp%2Fv2%2Fproduct_cat&post=986"},{"taxonomy":"product_tag","embeddable":true,"href":"https:\/\/langannhien.net\/index.php?rest_route=%2Fwp%2Fv2%2Fproduct_tag&post=986"}],"curies":[{"name":"wp","href":"https:\/\/api.w.org\/{rel}","templated":true}]}}