{"id":948,"date":"2024-10-27T19:19:36","date_gmt":"2024-10-27T19:19:36","guid":{"rendered":"https:\/\/langannhien.net\/?post_type=product&#038;p=948"},"modified":"2026-04-16T05:58:50","modified_gmt":"2026-04-16T05:58:50","slug":"sua-tam-nuoc-hoa-be-leaf-linh-mieu-x-lang-an-nhien","status":"publish","type":"product","link":"https:\/\/langannhien.net\/?product=sua-tam-nuoc-hoa-be-leaf-linh-mieu-x-lang-an-nhien","title":{"rendered":"S\u1eefa T\u1eafm N\u01b0\u1edbc Hoa Be Leaf Linh Mi\u00eau x L\u00e0ng An Nhi\u00ean"},"content":{"rendered":"<p><strong>S\u1eeeA T\u1eaeM BE LEAF MANG B\u1ea0N \u0110\u1ebeN V\u1edaI KHU V\u01af\u1edcN HOA NG\u1eccT NG\u00c0O<\/strong><\/p>\n<p><span style=\"font-weight: 400;\">H\u01b0\u01a1ng th\u01a1m t\u1eeb s\u1eefa t\u1eafm Be Leaf s\u1ebd d\u1eabn \u0111\u01b0\u1eddng c\u00e1c b\u1ea1n \u0111\u1ebfn v\u1edbi khu v\u01b0\u1eddn hoa ng\u1ecdt ng\u00e0o, khu v\u01b0\u1eddn m\u00e0 ch\u1ec9 c\u00f3 nh\u1eefng \u0111i\u1ec1u v\u00f4 lo, v\u00f4 t\u01b0, nh\u1eefng \u0111i\u1ec1u vui v\u1ebb, b\u00ecnh y\u00ean. M\u00f9i h\u01b0\u01a1ng s\u1ebd gi\u00fap c\u00e1c b\u1ea1n xoa \u0111i nh\u1eefng \u0111i\u1ec1u t\u1ed5n th\u01b0\u01a1ng, ti\u00eau c\u1ef1c trong ng\u00e0y, mang c\u1ea3m gi\u00e1c nh\u1eb9 nh\u00e0ng, ng\u1ecdt ng\u00e0o, gi\u00fap c\u00e1c b\u1ea1n tho\u1ea3i m\u00e1i h\u01a1n sau khi t\u1eafm Be Leaf.<\/span><\/p>\n<p><img loading=\"lazy\" decoding=\"async\" class=\"aligncenter size-full wp-image-950\" src=\"http:\/\/langannhien.net\/wp-content\/uploads\/2024\/10\/st5-scaled.jpg\" alt=\"\" width=\"1920\" height=\"2560\" srcset=\"https:\/\/langannhien.net\/wp-content\/uploads\/2024\/10\/st5-scaled.jpg 1920w, https:\/\/langannhien.net\/wp-content\/uploads\/2024\/10\/st5-225x300.jpg 225w, https:\/\/langannhien.net\/wp-content\/uploads\/2024\/10\/st5-768x1024.jpg 768w, https:\/\/langannhien.net\/wp-content\/uploads\/2024\/10\/st5-1152x1536.jpg 1152w, https:\/\/langannhien.net\/wp-content\/uploads\/2024\/10\/st5-1536x2048.jpg 1536w, https:\/\/langannhien.net\/wp-content\/uploads\/2024\/10\/st5-600x800.jpg 600w\" sizes=\"auto, (max-width: 1920px) 100vw, 1920px\" \/><\/p>\n<ul>\n<li style=\"font-weight: 400;\" aria-level=\"1\"><span style=\"font-weight: 400;\">T\u1ea7ng \u0111\u1ea7u: Fruity (tr\u00e1i c\u00e2y) Chi\u1ebft xu\u1ea5t t\u1eeb c\u00e1c lo\u1ea1i qu\u1ea3 , m\u00f9i h\u01b0\u01a1ng \u0111em l\u1ea1i c\u1ea3m gi\u00e1c s\u1ed1ng \u0111\u1ed9ng, g\u1ee3i nh\u1edb k\u1ec9 ni\u1ec7m.\u00a0<\/span><\/li>\n<li style=\"font-weight: 400;\" aria-level=\"1\"><span style=\"font-weight: 400;\">T\u1ea7ng gi\u1eefa: White Flower (h\u01b0\u01a1ng hoa tr\u1eafng) h\u1ed9i t\u1ee5 c\u00e1c lo\u1ea1i hoa n\u00e0y t\u1ea1o c\u1ea3m gi\u00e1c quy\u1ebfn r\u0169 , s\u00e2u s\u1eafc v\u00e0 kh\u00e1 n\u1ed3ng n\u00e0n&#8230; nh\u01b0 hoa s\u1ee9 , hoa nh\u00e0i t\u00e2y , hoa d\u00e0nh d\u00e0nh , hoa hu\u1ec7 , hoa cam.<\/span><\/li>\n<li style=\"font-weight: 400;\" aria-level=\"1\"><span style=\"font-weight: 400;\">T\u1ea7ng cu\u1ed1i: X\u1ea1 h\u01b0\u01a1ng \u1ea5m \u00e1p, tr\u1ea7m l\u1eafng, quy\u1ebfn r\u0169 v\u00e0 l\u01b0u h\u01b0\u01a1ng l\u00e2u.\u00a0<\/span><\/li>\n<\/ul>\n<p><img loading=\"lazy\" decoding=\"async\" class=\"aligncenter size-full wp-image-951\" src=\"http:\/\/langannhien.net\/wp-content\/uploads\/2024\/10\/st6-scaled.jpg\" alt=\"\" width=\"1920\" height=\"2560\" srcset=\"https:\/\/langannhien.net\/wp-content\/uploads\/2024\/10\/st6-scaled.jpg 1920w, https:\/\/langannhien.net\/wp-content\/uploads\/2024\/10\/st6-225x300.jpg 225w, https:\/\/langannhien.net\/wp-content\/uploads\/2024\/10\/st6-768x1024.jpg 768w, https:\/\/langannhien.net\/wp-content\/uploads\/2024\/10\/st6-1152x1536.jpg 1152w, https:\/\/langannhien.net\/wp-content\/uploads\/2024\/10\/st6-1536x2048.jpg 1536w, https:\/\/langannhien.net\/wp-content\/uploads\/2024\/10\/st6-600x800.jpg 600w\" sizes=\"auto, (max-width: 1920px) 100vw, 1920px\" \/><\/p>\n<p><strong>H\u01b0\u1edbng d\u1eabn s\u1eed d\u1ee5ng:\u00a0<\/strong><\/p>\n<p><span style=\"font-weight: 400;\">L\u1ea5y m\u1ed9t l\u01b0\u1ee3ng s\u1ea3n ph\u1ea3m v\u1eeba \u0111\u1ee7. Thoa \u0111\u1ec1 v\u00e0 massage nh\u1eb9 to\u00e0n th\u00e2n. T\u1eafm s\u1ea1ch l\u1ea1i v\u1edbi n\u01b0\u1edbc<\/span><\/p>\n<p><span style=\"font-weight: 400;\">L\u01b0u \u00fd: \u0111\u1ec3 s\u1ea3n ph\u1ea9m \u1edf n\u01a1i th\u00f4ng tho\u00e1ng, tr\u00e1nh ti\u1ebfp x\u00fac tr\u1ef1c ti\u1ebfp v\u1edbi \u00e1nh n\u1eafng m\u1eb7t tr\u1eddi, nhi\u1ec7t \u0111\u1ed9 d\u01b0\u1edbi 30 \u0111\u1ed9 C.<\/span><\/p>\n<p>&nbsp;<\/p>\n","protected":false},"excerpt":{"rendered":"<p><span style=\"font-weight: 400;\"><strong>Th\u01b0\u01a1ng hi\u1ec7u:<\/strong> L\u00e0ng An Nhi\u00ean (Merchandise l\u1ea5y c\u1ea3m h\u1ee9ng t\u1eeb phim \u0111i\u1ec7n \u1ea3nh Linh Mi\u00eau)<\/span><\/p>\n<p><span style=\"font-weight: 400;\"><strong>Xu\u1ea5t x\u1ee9:<\/strong> Vi\u1ec7t Nam<\/span><\/p>\n<p><span style=\"font-weight: 400;\"><strong>Dung t\u00edch:<\/strong> 265ml<\/span><\/p>\n<p><span style=\"font-weight: 400;\"><strong>C\u00f4ng d\u1ee5ng:<\/strong> S\u1eefa t\u1eafm Be Leaf mang \u0111\u1ebfn cho b\u1ea1n m\u1ed9t m\u00f9i h\u01b0\u01a1ng ng\u1ecdt ng\u00e0o, d\u1ecbu d\u00e0ng nh\u01b0ng kh\u00f4ng k\u00e9m s\u1ef1 quy\u1ebfn r\u0169. Lu\u00f4n t\u1ea1o cho b\u1ea1n m\u1ed9t c\u1ea3m gi\u00e1c th\u01b0 gi\u1ea3n v\u1edbi m\u00f9i nh\u1eb9 nh\u00e0ng v\u00e0 l\u00e0n da m\u1ecbn m\u00e0ng, c\u0103ng m\u01b0\u1edbt sau khi s\u1eed d\u1ee5ng s\u1ea3n ph\u1ea9m.<\/span><\/p>\n","protected":false},"featured_media":1008,"comment_status":"open","ping_status":"closed","template":"","meta":[],"product_cat":[71],"product_tag":[79,103],"class_list":{"0":"post-948","1":"product","2":"type-product","3":"status-publish","4":"has-post-thumbnail","6":"product_cat-cham-soc-co-the","7":"product_tag-lang-an-nhien","8":"product_tag-sua-tam-nuoc-hoa","10":"first","11":"instock","12":"sale","13":"shipping-taxable","14":"purchasable","15":"product-type-simple"},"_links":{"self":[{"href":"https:\/\/langannhien.net\/index.php?rest_route=\/wp\/v2\/product\/948","targetHints":{"allow":["GET"]}}],"collection":[{"href":"https:\/\/langannhien.net\/index.php?rest_route=\/wp\/v2\/product"}],"about":[{"href":"https:\/\/langannhien.net\/index.php?rest_route=\/wp\/v2\/types\/product"}],"replies":[{"embeddable":true,"href":"https:\/\/langannhien.net\/index.php?rest_route=%2Fwp%2Fv2%2Fcomments&post=948"}],"wp:featuredmedia":[{"embeddable":true,"href":"https:\/\/langannhien.net\/index.php?rest_route=\/wp\/v2\/media\/1008"}],"wp:attachment":[{"href":"https:\/\/langannhien.net\/index.php?rest_route=%2Fwp%2Fv2%2Fmedia&parent=948"}],"wp:term":[{"taxonomy":"product_cat","embeddable":true,"href":"https:\/\/langannhien.net\/index.php?rest_route=%2Fwp%2Fv2%2Fproduct_cat&post=948"},{"taxonomy":"product_tag","embeddable":true,"href":"https:\/\/langannhien.net\/index.php?rest_route=%2Fwp%2Fv2%2Fproduct_tag&post=948"}],"curies":[{"name":"wp","href":"https:\/\/api.w.org\/{rel}","templated":true}]}}