{"id":945,"date":"2024-10-27T19:13:45","date_gmt":"2024-10-27T19:13:45","guid":{"rendered":"https:\/\/langannhien.net\/?post_type=product&#038;p=945"},"modified":"2026-04-16T13:46:43","modified_gmt":"2026-04-16T13:46:43","slug":"nen-thom-hoa-lang-an-nhien","status":"publish","type":"product","link":"https:\/\/langannhien.net\/?product=nen-thom-hoa-lang-an-nhien","title":{"rendered":"N\u1ebfn Th\u01a1m H\u1ecfa L\u00e0ng An Nhi\u00ean"},"content":{"rendered":"<p><span style=\"font-weight: 400;\">N\u1ebfn <\/span><span style=\"font-weight: 400;\">H\u1ecfa<\/span><span style=\"font-weight: 400;\"> \u0111\u01b0\u1ee3c l\u1ea5y <\/span><span style=\"font-weight: 400;\">c\u1ea3m h\u1ee9ng t\u1eeb phim \u0111i\u1ec7n \u1ea3nh Linh Mi\u00eau d\u00e0nh cho nh\u1eefng ai mang \u201cm\u1ec7nh H\u1ecfa\u201d. L\u1ecd n\u1ebfn nh\u1ecf xinh n\u00e0y \u0111\u01b0\u1ee3c ch\u1ebf t\u00e1c th\u1ee7 c\u00f4ng \u0111\u1ea7y tinh x\u1ea3o b\u1edfi \u0111\u1ed9i ng\u0169 nghi\u00ean c\u1ee9u gi\u00e0u \u0111am m\u00ea v\u00e0 nhi\u1ec7t huy\u1ebft c\u1ee7a L\u00e0ng An Nhi\u00ean.\u00a0<\/span><\/p>\n<p><img loading=\"lazy\" decoding=\"async\" class=\"aligncenter size-full wp-image-956\" src=\"http:\/\/langannhien.net\/wp-content\/uploads\/2024\/10\/z5984934534471_7fb2d532abd6cd2f4d266638d869be57.jpg\" alt=\"\" width=\"2560\" height=\"1706\" srcset=\"https:\/\/langannhien.net\/wp-content\/uploads\/2024\/10\/z5984934534471_7fb2d532abd6cd2f4d266638d869be57.jpg 2560w, https:\/\/langannhien.net\/wp-content\/uploads\/2024\/10\/z5984934534471_7fb2d532abd6cd2f4d266638d869be57-300x200.jpg 300w, https:\/\/langannhien.net\/wp-content\/uploads\/2024\/10\/z5984934534471_7fb2d532abd6cd2f4d266638d869be57-1024x682.jpg 1024w, https:\/\/langannhien.net\/wp-content\/uploads\/2024\/10\/z5984934534471_7fb2d532abd6cd2f4d266638d869be57-768x512.jpg 768w, https:\/\/langannhien.net\/wp-content\/uploads\/2024\/10\/z5984934534471_7fb2d532abd6cd2f4d266638d869be57-1536x1024.jpg 1536w, https:\/\/langannhien.net\/wp-content\/uploads\/2024\/10\/z5984934534471_7fb2d532abd6cd2f4d266638d869be57-2048x1365.jpg 2048w, https:\/\/langannhien.net\/wp-content\/uploads\/2024\/10\/z5984934534471_7fb2d532abd6cd2f4d266638d869be57-600x400.jpg 600w\" sizes=\"auto, (max-width: 2560px) 100vw, 2560px\" \/><\/p>\n<p><img loading=\"lazy\" decoding=\"async\" class=\"aligncenter size-full wp-image-946\" src=\"http:\/\/langannhien.net\/wp-content\/uploads\/2024\/10\/hoa-1-scaled.jpg\" alt=\"\" width=\"1920\" height=\"2560\" srcset=\"https:\/\/langannhien.net\/wp-content\/uploads\/2024\/10\/hoa-1-scaled.jpg 1920w, https:\/\/langannhien.net\/wp-content\/uploads\/2024\/10\/hoa-1-225x300.jpg 225w, https:\/\/langannhien.net\/wp-content\/uploads\/2024\/10\/hoa-1-768x1024.jpg 768w, https:\/\/langannhien.net\/wp-content\/uploads\/2024\/10\/hoa-1-1152x1536.jpg 1152w, https:\/\/langannhien.net\/wp-content\/uploads\/2024\/10\/hoa-1-1536x2048.jpg 1536w, https:\/\/langannhien.net\/wp-content\/uploads\/2024\/10\/hoa-1-600x800.jpg 600w\" sizes=\"auto, (max-width: 1920px) 100vw, 1920px\" \/> <span style=\"font-weight: 400;\">\u201cH\u1ecfa\u201d mang m\u00f9i h\u01b0\u01a1ng \u1ea5m \u00e1p t\u1eeb hoa cam, ph\u1ea3ng ph\u1ea5t nh\u01b0 m\u1ed9t m\u1ea3nh k\u00fd \u1ee9c d\u1ecbu d\u00e0ng tr\u1edf v\u1ec1 trong kho\u1ea3nh kh\u1eafc y\u00ean l\u1eb7ng nh\u1ea5t c\u1ee7a \u0111\u00eam. \u0110\u00f3 l\u00e0 m\u00f9i kh\u00f3i pha ch\u00fat vani c\u1ee7a nh\u1eefng ng\u00e0y th\u00e1ng c\u0169, n\u01a1i t\u1eebng c\u00e1i ch\u1ea1m nh\u1eb9, t\u1eebng n\u1ee5 c\u01b0\u1eddi \u00eam \u0111\u1ec1m v\u1eabn c\u00f2n v\u01b0\u01a1ng v\u1ea5n.\u00a0<\/span><\/p>\n<p><img loading=\"lazy\" decoding=\"async\" class=\"aligncenter size-full wp-image-958\" src=\"http:\/\/langannhien.net\/wp-content\/uploads\/2024\/10\/z5984934780427_7a1f0f87bb0780ace6d7cea4443f8f22.jpg\" alt=\"\" width=\"2560\" height=\"1706\" srcset=\"https:\/\/langannhien.net\/wp-content\/uploads\/2024\/10\/z5984934780427_7a1f0f87bb0780ace6d7cea4443f8f22.jpg 2560w, https:\/\/langannhien.net\/wp-content\/uploads\/2024\/10\/z5984934780427_7a1f0f87bb0780ace6d7cea4443f8f22-300x200.jpg 300w, https:\/\/langannhien.net\/wp-content\/uploads\/2024\/10\/z5984934780427_7a1f0f87bb0780ace6d7cea4443f8f22-1024x682.jpg 1024w, https:\/\/langannhien.net\/wp-content\/uploads\/2024\/10\/z5984934780427_7a1f0f87bb0780ace6d7cea4443f8f22-768x512.jpg 768w, https:\/\/langannhien.net\/wp-content\/uploads\/2024\/10\/z5984934780427_7a1f0f87bb0780ace6d7cea4443f8f22-1536x1024.jpg 1536w, https:\/\/langannhien.net\/wp-content\/uploads\/2024\/10\/z5984934780427_7a1f0f87bb0780ace6d7cea4443f8f22-2048x1365.jpg 2048w, https:\/\/langannhien.net\/wp-content\/uploads\/2024\/10\/z5984934780427_7a1f0f87bb0780ace6d7cea4443f8f22-600x400.jpg 600w\" sizes=\"auto, (max-width: 2560px) 100vw, 2560px\" \/><\/p>\n<p><img loading=\"lazy\" decoding=\"async\" class=\"aligncenter size-full wp-image-947\" src=\"http:\/\/langannhien.net\/wp-content\/uploads\/2024\/10\/hoa.png\" alt=\"\" width=\"2458\" height=\"2458\" srcset=\"https:\/\/langannhien.net\/wp-content\/uploads\/2024\/10\/hoa.png 2458w, https:\/\/langannhien.net\/wp-content\/uploads\/2024\/10\/hoa-300x300.png 300w, https:\/\/langannhien.net\/wp-content\/uploads\/2024\/10\/hoa-1024x1024.png 1024w, https:\/\/langannhien.net\/wp-content\/uploads\/2024\/10\/hoa-150x150.png 150w, https:\/\/langannhien.net\/wp-content\/uploads\/2024\/10\/hoa-768x768.png 768w, https:\/\/langannhien.net\/wp-content\/uploads\/2024\/10\/hoa-1536x1536.png 1536w, https:\/\/langannhien.net\/wp-content\/uploads\/2024\/10\/hoa-2048x2048.png 2048w, https:\/\/langannhien.net\/wp-content\/uploads\/2024\/10\/hoa-600x600.png 600w, https:\/\/langannhien.net\/wp-content\/uploads\/2024\/10\/hoa-100x100.png 100w\" sizes=\"auto, (max-width: 2458px) 100vw, 2458px\" \/><\/p>\n<p style=\"text-align: center;\"><span style=\"font-weight: 400;\">N\u1ebfn \u0111\u01b0\u1ee3c \u0111\u1ef1ng trong h\u1ed9p qu\u00e0 tinh t\u1ebf r\u1ea5t \u00fd ngh\u0129a d\u00e0nh t\u1eb7ng \u201cng\u01b0\u1eddi th\u01b0\u01a1ng\u201d<\/span><\/p>\n<ul>\n<li style=\"font-weight: 400;\" aria-level=\"1\"><span style=\"font-weight: 400;\">H\u01b0\u01a1ng \u0111\u1ea7u: Kh\u00f3i, caramel, hoa cam.<\/span><\/li>\n<li style=\"font-weight: 400;\" aria-level=\"1\"><span style=\"font-weight: 400;\">H\u01b0\u01a1ng gi\u1eefa: Hoa cam, h\u1ea1nh nh\u00e2n, hoa cam \u0111\u1eafng.<\/span><\/li>\n<li style=\"font-weight: 400;\" aria-level=\"1\"><span style=\"font-weight: 400;\">H\u01b0\u01a1ng cu\u1ed1i: Vani, cream, x\u1ea1 h\u01b0\u01a1ng.<\/span><\/li>\n<\/ul>\n","protected":false},"excerpt":{"rendered":"<p><span style=\"font-weight: 400;\"><strong>Th\u01b0\u01a1ng hi\u1ec7u:<\/strong> L\u00e0ng An Nhi\u00ean (Merchandise l\u1ea5y c\u1ea3m h\u1ee9ng t\u1eeb phim \u0111i\u1ec7n \u1ea3nh Linh Mi\u00eau)<\/span><\/p>\n<p><span style=\"font-weight: 400;\"><strong>Xu\u1ea5t x\u1ee9:<\/strong> Vi\u1ec7t Nam<\/span><\/p>\n<p><span style=\"font-weight: 400;\"><strong>Tr\u1ecdng l\u01b0\u1ee3ng:<\/strong> 50g<\/span><\/p>\n<p><span style=\"font-weight: 400;\"><strong>H\u01b0\u01a1ng th\u01a1m:<\/strong> B\u1ea3n h\u00f2a t\u1ea5u tuy\u1ec7t t\u00e1c c\u1ee7a vanilla, hoa cam v\u00e0 x\u1ea1 h\u01b0\u01a1ng.<\/span><\/p>\n<p><span style=\"font-weight: 400;\"><strong>Phong c\u00e1ch:<\/strong> \u1ea4m \u00e1p v\u00e0 n\u1ed3ng n\u00e0n<\/span><\/p>\n<p><span style=\"font-weight: 400;\"><strong>\u0110\u1ed9 l\u01b0u h\u01b0\u01a1ng:<\/strong> \u0110\u1ed1t t\u1ea7m 25 &#8211; 30 ti\u1ebfng<\/span><\/p>\n","protected":false},"featured_media":1010,"comment_status":"open","ping_status":"closed","template":"","meta":[],"product_cat":[73,72],"product_tag":[79,105,106],"class_list":{"0":"post-945","1":"product","2":"type-product","3":"status-publish","4":"has-post-thumbnail","6":"product_cat-goi-y-set-qua-tang","7":"product_cat-nen-thom-tinh-dau","8":"product_tag-lang-an-nhien","9":"product_tag-nen-thom","10":"product_tag-qua-tang","12":"first","13":"instock","14":"sale","15":"shipping-taxable","16":"purchasable","17":"product-type-simple"},"_links":{"self":[{"href":"https:\/\/langannhien.net\/index.php?rest_route=\/wp\/v2\/product\/945","targetHints":{"allow":["GET"]}}],"collection":[{"href":"https:\/\/langannhien.net\/index.php?rest_route=\/wp\/v2\/product"}],"about":[{"href":"https:\/\/langannhien.net\/index.php?rest_route=\/wp\/v2\/types\/product"}],"replies":[{"embeddable":true,"href":"https:\/\/langannhien.net\/index.php?rest_route=%2Fwp%2Fv2%2Fcomments&post=945"}],"wp:featuredmedia":[{"embeddable":true,"href":"https:\/\/langannhien.net\/index.php?rest_route=\/wp\/v2\/media\/1010"}],"wp:attachment":[{"href":"https:\/\/langannhien.net\/index.php?rest_route=%2Fwp%2Fv2%2Fmedia&parent=945"}],"wp:term":[{"taxonomy":"product_cat","embeddable":true,"href":"https:\/\/langannhien.net\/index.php?rest_route=%2Fwp%2Fv2%2Fproduct_cat&post=945"},{"taxonomy":"product_tag","embeddable":true,"href":"https:\/\/langannhien.net\/index.php?rest_route=%2Fwp%2Fv2%2Fproduct_tag&post=945"}],"curies":[{"name":"wp","href":"https:\/\/api.w.org\/{rel}","templated":true}]}}