{"id":941,"date":"2024-10-27T19:09:56","date_gmt":"2024-10-27T19:09:56","guid":{"rendered":"https:\/\/langannhien.net\/?post_type=product&#038;p=941"},"modified":"2026-04-14T20:01:44","modified_gmt":"2026-04-14T20:01:44","slug":"nen-thom-kim-lang-an-nhien","status":"publish","type":"product","link":"https:\/\/langannhien.net\/?product=nen-thom-kim-lang-an-nhien","title":{"rendered":"N\u1ebfn Th\u01a1m Kim L\u00e0ng An Nhi\u00ean"},"content":{"rendered":"<p><span style=\"font-weight: 400;\">N\u1ebfn Kim \u0111\u01b0\u1ee3c l\u1ea5y <\/span><span style=\"font-weight: 400;\">c\u1ea3m h\u1ee9ng t\u1eeb phim \u0111i\u1ec7n \u1ea3nh Linh Mi\u00eau d\u00e0nh cho nh\u1eefng ai mang \u201cm\u1ec7nh Kim\u201d. L\u1ecd n\u1ebfn nh\u1ecf xinh n\u00e0y \u0111\u01b0\u1ee3c ch\u1ebf t\u00e1c th\u1ee7 c\u00f4ng \u0111\u1ea7y tinh x\u1ea3o b\u1edfi \u0111\u1ed9i ng\u0169 nghi\u00ean c\u1ee9u gi\u00e0u \u0111am m\u00ea v\u00e0 nhi\u1ec7t huy\u1ebft c\u1ee7a L\u00e0ng An Nhi\u00ean.\u00a0<\/span><\/p>\n<p><img loading=\"lazy\" decoding=\"async\" class=\"aligncenter size-full wp-image-956\" src=\"http:\/\/langannhien.net\/wp-content\/uploads\/2024\/10\/z5984934534471_7fb2d532abd6cd2f4d266638d869be57.jpg\" alt=\"\" width=\"2560\" height=\"1706\" srcset=\"https:\/\/langannhien.net\/wp-content\/uploads\/2024\/10\/z5984934534471_7fb2d532abd6cd2f4d266638d869be57.jpg 2560w, https:\/\/langannhien.net\/wp-content\/uploads\/2024\/10\/z5984934534471_7fb2d532abd6cd2f4d266638d869be57-300x200.jpg 300w, https:\/\/langannhien.net\/wp-content\/uploads\/2024\/10\/z5984934534471_7fb2d532abd6cd2f4d266638d869be57-1024x682.jpg 1024w, https:\/\/langannhien.net\/wp-content\/uploads\/2024\/10\/z5984934534471_7fb2d532abd6cd2f4d266638d869be57-768x512.jpg 768w, https:\/\/langannhien.net\/wp-content\/uploads\/2024\/10\/z5984934534471_7fb2d532abd6cd2f4d266638d869be57-1536x1024.jpg 1536w, https:\/\/langannhien.net\/wp-content\/uploads\/2024\/10\/z5984934534471_7fb2d532abd6cd2f4d266638d869be57-2048x1365.jpg 2048w, https:\/\/langannhien.net\/wp-content\/uploads\/2024\/10\/z5984934534471_7fb2d532abd6cd2f4d266638d869be57-600x400.jpg 600w\" sizes=\"auto, (max-width: 2560px) 100vw, 2560px\" \/><\/p>\n<p><img loading=\"lazy\" decoding=\"async\" class=\"aligncenter size-full wp-image-942\" src=\"http:\/\/langannhien.net\/wp-content\/uploads\/2024\/10\/kim-1-scaled.jpg\" alt=\"\" width=\"1920\" height=\"2560\" srcset=\"https:\/\/langannhien.net\/wp-content\/uploads\/2024\/10\/kim-1-scaled.jpg 1920w, https:\/\/langannhien.net\/wp-content\/uploads\/2024\/10\/kim-1-225x300.jpg 225w, https:\/\/langannhien.net\/wp-content\/uploads\/2024\/10\/kim-1-768x1024.jpg 768w, https:\/\/langannhien.net\/wp-content\/uploads\/2024\/10\/kim-1-1152x1536.jpg 1152w, https:\/\/langannhien.net\/wp-content\/uploads\/2024\/10\/kim-1-1536x2048.jpg 1536w, https:\/\/langannhien.net\/wp-content\/uploads\/2024\/10\/kim-1-600x800.jpg 600w\" sizes=\"auto, (max-width: 1920px) 100vw, 1920px\" \/><\/p>\n<p><span style=\"font-weight: 400;\">\u201cKim\u201d l\u00e0 h\u01b0\u01a1ng th\u01a1m c\u1ee7a nh\u1eefng ng\u00e0y h\u1ea1nh ph\u00fac. D\u01b0\u1edbi \u00e1nh s\u00e1ng v\u00e0ng d\u1ecbu c\u1ee7a ng\u1ecdn n\u1ebfn, h\u01b0\u01a1ng g\u1ed7 \u1ea5m \u00e1p h\u00f2a quy\u1ec7n v\u1edbi v\u1ecb ng\u1ecdt ng\u00e0o c\u1ee7a vanilla nh\u01b0 m\u1ed9t c\u00e2u chuy\u1ec7n t\u00ecnh \u201cc\u0169 m\u00e0 m\u1edbi\u201d, \u201cquen m\u00e0 l\u1ea1\u201d. M\u00f9i h\u01b0\u01a1ng t\u1eeb g\u1ed7 t\u1ea1o c\u1ea3m gi\u00e1c v\u1eefng ch\u00e3i, s\u00e2u l\u1eafng, t\u1ef1a nh\u01b0 b\u00e0n tay \u1ea5m \u00e1p \u00f4m tr\u1ecdn trong l\u00f2ng m\u1ed9t ng\u00e0y \u0111\u00f4ng l\u1ea1nh gi\u00e1. Vanilla ng\u1ecdt ng\u00e0o, nh\u1eb9 nh\u00e0ng len l\u1ecfi v\u00e0o kh\u00f4ng gian, nh\u01b0 l\u1eddi th\u00ec th\u1ea7m \u00e2u y\u1ebfm t\u1eeb tr\u00e1i tim, g\u1ee3i l\u00ean nh\u1eefng k\u1ef7 ni\u1ec7m d\u1ecbu d\u00e0ng, g\u1ea7n g\u0169i.\u00a0<\/span><\/p>\n<p><img loading=\"lazy\" decoding=\"async\" class=\"aligncenter size-full wp-image-958\" src=\"http:\/\/langannhien.net\/wp-content\/uploads\/2024\/10\/z5984934780427_7a1f0f87bb0780ace6d7cea4443f8f22.jpg\" alt=\"\" width=\"2560\" height=\"1706\" srcset=\"https:\/\/langannhien.net\/wp-content\/uploads\/2024\/10\/z5984934780427_7a1f0f87bb0780ace6d7cea4443f8f22.jpg 2560w, https:\/\/langannhien.net\/wp-content\/uploads\/2024\/10\/z5984934780427_7a1f0f87bb0780ace6d7cea4443f8f22-300x200.jpg 300w, https:\/\/langannhien.net\/wp-content\/uploads\/2024\/10\/z5984934780427_7a1f0f87bb0780ace6d7cea4443f8f22-1024x682.jpg 1024w, https:\/\/langannhien.net\/wp-content\/uploads\/2024\/10\/z5984934780427_7a1f0f87bb0780ace6d7cea4443f8f22-768x512.jpg 768w, https:\/\/langannhien.net\/wp-content\/uploads\/2024\/10\/z5984934780427_7a1f0f87bb0780ace6d7cea4443f8f22-1536x1024.jpg 1536w, https:\/\/langannhien.net\/wp-content\/uploads\/2024\/10\/z5984934780427_7a1f0f87bb0780ace6d7cea4443f8f22-2048x1365.jpg 2048w, https:\/\/langannhien.net\/wp-content\/uploads\/2024\/10\/z5984934780427_7a1f0f87bb0780ace6d7cea4443f8f22-600x400.jpg 600w\" sizes=\"auto, (max-width: 2560px) 100vw, 2560px\" \/><\/p>\n<p><img loading=\"lazy\" decoding=\"async\" class=\"aligncenter size-full wp-image-933\" src=\"http:\/\/langannhien.net\/wp-content\/uploads\/2024\/10\/cb4-scaled.jpg\" alt=\"\" width=\"1920\" height=\"2560\" srcset=\"https:\/\/langannhien.net\/wp-content\/uploads\/2024\/10\/cb4-scaled.jpg 1920w, https:\/\/langannhien.net\/wp-content\/uploads\/2024\/10\/cb4-225x300.jpg 225w, https:\/\/langannhien.net\/wp-content\/uploads\/2024\/10\/cb4-768x1024.jpg 768w, https:\/\/langannhien.net\/wp-content\/uploads\/2024\/10\/cb4-1152x1536.jpg 1152w, https:\/\/langannhien.net\/wp-content\/uploads\/2024\/10\/cb4-1536x2048.jpg 1536w, https:\/\/langannhien.net\/wp-content\/uploads\/2024\/10\/cb4-600x800.jpg 600w\" sizes=\"auto, (max-width: 1920px) 100vw, 1920px\" \/><\/p>\n<p><span style=\"font-weight: 400;\">\u00a0Khi \u00e1nh l\u1eeda d\u1ea7n l\u1ee5i, m\u00f9i h\u01b0\u01a1ng c\u0169ng nh\u1ea1t \u0111i, b\u1ea1n s\u1ebd b\u1eaft g\u1eb7p m\u1ed9t \u201cth\u00f4ng \u0111i\u1ec7p c\u1ee7a v\u0169 tr\u1ee5\u201d d\u01b0\u1edbi ph\u1ea7n \u0111\u00e1y h\u1ed9p n\u1ebfn, \u0111\u00f3 ch\u00ednh l\u00e0 th\u00f4ng \u0111i\u1ec7p ch\u1ec9 d\u00e0nh ri\u00eang cho b\u1ea1n, v\u00ec tinh t\u00fa m\u1ec7nh Kim.<\/span><\/p>\n<p><img loading=\"lazy\" decoding=\"async\" class=\"aligncenter size-full wp-image-943\" src=\"http:\/\/langannhien.net\/wp-content\/uploads\/2024\/10\/kim.png\" alt=\"\" width=\"2458\" height=\"2458\" srcset=\"https:\/\/langannhien.net\/wp-content\/uploads\/2024\/10\/kim.png 2458w, https:\/\/langannhien.net\/wp-content\/uploads\/2024\/10\/kim-300x300.png 300w, https:\/\/langannhien.net\/wp-content\/uploads\/2024\/10\/kim-1024x1024.png 1024w, https:\/\/langannhien.net\/wp-content\/uploads\/2024\/10\/kim-150x150.png 150w, https:\/\/langannhien.net\/wp-content\/uploads\/2024\/10\/kim-768x768.png 768w, https:\/\/langannhien.net\/wp-content\/uploads\/2024\/10\/kim-1536x1536.png 1536w, https:\/\/langannhien.net\/wp-content\/uploads\/2024\/10\/kim-2048x2048.png 2048w, https:\/\/langannhien.net\/wp-content\/uploads\/2024\/10\/kim-600x600.png 600w, https:\/\/langannhien.net\/wp-content\/uploads\/2024\/10\/kim-100x100.png 100w\" sizes=\"auto, (max-width: 2458px) 100vw, 2458px\" \/><\/p>\n<p style=\"text-align: center;\"><span style=\"font-weight: 400;\">N\u1ebfn \u0111\u01b0\u1ee3c \u0111\u1ef1ng trong h\u1ed9p qu\u00e0 tinh t\u1ebf r\u1ea5t \u00fd ngh\u0129a d\u00e0nh t\u1eb7ng \u201cng\u01b0\u1eddi th\u01b0\u01a1ng\u201d<\/span><\/p>\n<ul>\n<li style=\"font-weight: 400;\" aria-level=\"1\"><span style=\"font-weight: 400;\">H\u01b0\u01a1ng \u0111\u1ea7u: G\u1ed7 \u0111\u00e0n h\u01b0\u01a1ng, phong l\u1eef.<\/span><\/li>\n<li style=\"font-weight: 400;\" aria-level=\"1\"><span style=\"font-weight: 400;\">H\u01b0\u01a1ng gi\u1eefa: Vani, g\u1ed7 h\u1ed3ng, tr\u1ea7m h\u01b0\u01a1ng.<\/span><\/li>\n<li style=\"font-weight: 400;\" aria-level=\"1\"><span style=\"font-weight: 400;\">H\u01b0\u01a1ng cu\u1ed1i: H\u1ed5 ph\u00e1ch, x\u1ea1 h\u01b0\u01a1ng.<\/span><\/li>\n<\/ul>\n","protected":false},"excerpt":{"rendered":"<p><span style=\"font-weight: 400;\"><strong>Th\u01b0\u01a1ng hi\u1ec7u:<\/strong> L\u00e0ng An Nhi\u00ean (Merchandise l\u1ea5y c\u1ea3m h\u1ee9ng t\u1eeb phim \u0111i\u1ec7n \u1ea3nh Linh Mi\u00eau)<\/span><\/p>\n<p><span style=\"font-weight: 400;\"><strong>Xu\u1ea5t x\u1ee9:<\/strong> Vi\u1ec7t Nam<\/span><\/p>\n<p><span style=\"font-weight: 400;\"><strong>Tr\u1ecdng l\u01b0\u1ee3ng:<\/strong> 50g<\/span><\/p>\n<p><span style=\"font-weight: 400;\"><strong>H\u01b0\u01a1ng th\u01a1m:<\/strong> L\u00e0 b\u1ea3n ph\u1ed1i tr\u1ed9n c\u1ee7a m\u00f9i h\u01b0\u01a1ng \u1ea5m \u00e1p t\u1eeb g\u1ed7 h\u1ed5 ph\u00e1ch v\u00e0 vanilla.<\/span><\/p>\n<p><span style=\"font-weight: 400;\"><strong>Phong c\u00e1ch:<\/strong> Ng\u1ecdt ng\u00e0o v\u00e0 l\u00f4i cu\u1ed1n<\/span><\/p>\n<p><span style=\"font-weight: 400;\"><strong>\u0110\u1ed9 l\u01b0u h\u01b0\u01a1ng:<\/strong> \u0110\u1ed1t t\u1ea7m 25 &#8211; 30 ti\u1ebfng<\/span><\/p>\n","protected":false},"featured_media":1011,"comment_status":"open","ping_status":"closed","template":"","meta":[],"product_cat":[73,72],"product_tag":[79,105,106],"class_list":{"0":"post-941","1":"product","2":"type-product","3":"status-publish","4":"has-post-thumbnail","6":"product_cat-goi-y-set-qua-tang","7":"product_cat-nen-thom-tinh-dau","8":"product_tag-lang-an-nhien","9":"product_tag-nen-thom","10":"product_tag-qua-tang","12":"first","13":"instock","14":"sale","15":"shipping-taxable","16":"purchasable","17":"product-type-simple"},"_links":{"self":[{"href":"https:\/\/langannhien.net\/index.php?rest_route=\/wp\/v2\/product\/941","targetHints":{"allow":["GET"]}}],"collection":[{"href":"https:\/\/langannhien.net\/index.php?rest_route=\/wp\/v2\/product"}],"about":[{"href":"https:\/\/langannhien.net\/index.php?rest_route=\/wp\/v2\/types\/product"}],"replies":[{"embeddable":true,"href":"https:\/\/langannhien.net\/index.php?rest_route=%2Fwp%2Fv2%2Fcomments&post=941"}],"wp:featuredmedia":[{"embeddable":true,"href":"https:\/\/langannhien.net\/index.php?rest_route=\/wp\/v2\/media\/1011"}],"wp:attachment":[{"href":"https:\/\/langannhien.net\/index.php?rest_route=%2Fwp%2Fv2%2Fmedia&parent=941"}],"wp:term":[{"taxonomy":"product_cat","embeddable":true,"href":"https:\/\/langannhien.net\/index.php?rest_route=%2Fwp%2Fv2%2Fproduct_cat&post=941"},{"taxonomy":"product_tag","embeddable":true,"href":"https:\/\/langannhien.net\/index.php?rest_route=%2Fwp%2Fv2%2Fproduct_tag&post=941"}],"curies":[{"name":"wp","href":"https:\/\/api.w.org\/{rel}","templated":true}]}}