{"id":917,"date":"2024-10-21T07:21:55","date_gmt":"2024-10-21T07:21:55","guid":{"rendered":"https:\/\/langannhien.net\/?post_type=product&#038;p=917"},"modified":"2024-11-10T07:29:10","modified_gmt":"2024-11-10T07:29:10","slug":"hop-qua-nuoc-hoa-sua-tam-be-leaf-lang-an-nhien","status":"publish","type":"product","link":"https:\/\/langannhien.net\/?product=hop-qua-nuoc-hoa-sua-tam-be-leaf-lang-an-nhien","title":{"rendered":"H\u1ed9p Qu\u00e0 N\u01b0\u1edbc Hoa &#038; S\u1eefa T\u1eafm Be Leaf L\u00e0ng An Nhi\u00ean"},"content":{"rendered":"<p>H\u01b0\u01a1ng th\u01a1m ng\u1ecdt ng\u00e0o v\u00e0 \u0111\u00e1ng y\u00eau c\u1ee7a Be Leaf ch\u1ec9 c\u1ea7n m\u1ed9t l\u1ea7n tho\u1ea3ng qua c\u0169ng \u0111\u1ee7 khi\u1ebfn ng\u01b0\u1eddi ta da di\u1ebft v\u00e0 ho\u00e0i ni\u1ec7m. \u0110\u00e2y l\u00e0 h\u01b0\u01a1ng th\u01a1m c\u1ee7a k\u00ed \u1ee9c, s\u00e2u s\u1eafc v\u00e0 n\u1ed3ng n\u00e0n, d\u00f9 cho \u0111\u00e3 t\u1eebng ch\u00ecm v\u00e0o t\u1ea7ng s\u00e2u c\u1ee7a tr\u00ed nh\u1edb v\u00e0 b\u1ecb ch\u00f4n v\u00f9i b\u1edfi n\u0103m th\u00e1ng. N\u1ebfu m\u1ed9t ng\u00e0y b\u1ea1n mu\u1ed1n tr\u1edf v\u1ec1 v\u1edbi tu\u1ed5i th\u01a1, mu\u1ed1n kh\u01a1i d\u1eady l\u1ea1i nh\u1eefng k\u00ed \u1ee9c \u0111\u00e3 ng\u1ee7 say h\u00e3y l\u1ea5p \u0111\u1ea7y kh\u00f4ng gian \u1ea5y c\u00f9ng v\u1edbi Be Leaf.<\/p>\n<p><img loading=\"lazy\" decoding=\"async\" class=\"aligncenter size-full wp-image-918\" src=\"http:\/\/langannhien.net\/wp-content\/uploads\/2024\/10\/z5951309181158_c9d973ddfe53f2da233794b8de4d6f4c.jpg\" alt=\"\" width=\"1000\" height=\"1000\" srcset=\"https:\/\/langannhien.net\/wp-content\/uploads\/2024\/10\/z5951309181158_c9d973ddfe53f2da233794b8de4d6f4c.jpg 1000w, https:\/\/langannhien.net\/wp-content\/uploads\/2024\/10\/z5951309181158_c9d973ddfe53f2da233794b8de4d6f4c-300x300.jpg 300w, https:\/\/langannhien.net\/wp-content\/uploads\/2024\/10\/z5951309181158_c9d973ddfe53f2da233794b8de4d6f4c-150x150.jpg 150w, https:\/\/langannhien.net\/wp-content\/uploads\/2024\/10\/z5951309181158_c9d973ddfe53f2da233794b8de4d6f4c-768x768.jpg 768w, https:\/\/langannhien.net\/wp-content\/uploads\/2024\/10\/z5951309181158_c9d973ddfe53f2da233794b8de4d6f4c-600x600.jpg 600w, https:\/\/langannhien.net\/wp-content\/uploads\/2024\/10\/z5951309181158_c9d973ddfe53f2da233794b8de4d6f4c-100x100.jpg 100w\" sizes=\"auto, (max-width: 1000px) 100vw, 1000px\" \/><\/p>\n<p>Combo g\u1ed3m c\u00f3: 1 chai n\u01b0\u1edbc hoa Be Leaf 10ml + 1 chai s\u1eefa t\u1eafm n\u01b0\u1edbc hoa Be Leaf 265ml \u0111\u1ef1ng trong h\u1ed9p qu\u00e0 tinh t\u1ebf, t\u1ec9 m\u1ec9 ch\u1eafc ch\u1eafn s\u1ebd l\u00e0 m\u1ed9t m\u00f3n qu\u00e0 g\u00e2y \u1ea5n t\u01b0\u1ee3ng cho ng\u01b0\u1eddi \u0111\u01b0\u1ee3c t\u1eb7ng.<\/p>\n","protected":false},"excerpt":{"rendered":"<p><strong>Th\u01b0\u01a1ng hi\u1ec7u:<\/strong>\u00a0L\u00e0ng An Nhi\u00ean<br \/>\n<strong>Xu\u1ea5t x\u1ee9:<\/strong>\u00a0Vi\u1ec7t Nam<br \/>\n<b>Quy c\u00e1ch:\u00a0<\/b>H\u1ed9p qu\u00e0 g\u1ed3m 1 chai n\u01b0\u1edbc hoa + 1 chai s\u1eefa t\u1eafm Be Leaf<br \/>\n<strong>H\u01b0\u01a1ng ch\u00ednh:\u00a0<\/strong>H\u01b0\u01a1ng hoa qu\u1ea3 ng\u1ecdt ng\u00e0o v\u00e0 x\u1ea1 h\u01b0\u01a1ng l\u00f4i cu\u1ed1n.<br \/>\n<strong>Phong c\u00e1ch:<\/strong>\u00a0Ng\u1ecdt ng\u00e0o v\u00e0 l\u00f4i cu\u1ed1n<br \/>\n<strong>\u0110\u1ed9 l\u01b0u h\u01b0\u01a1ng:<\/strong>\u00a06 \u0111\u1ebfn 10 ti\u1ebfng<\/p>\n","protected":false},"featured_media":1019,"comment_status":"open","ping_status":"closed","template":"","meta":[],"product_cat":[73],"product_tag":[79,81],"class_list":{"0":"post-917","1":"product","2":"type-product","3":"status-publish","4":"has-post-thumbnail","6":"product_cat-goi-y-set-qua-tang","7":"product_tag-lang-an-nhien","8":"product_tag-nuoc-hoa","10":"first","11":"instock","12":"sale","13":"shipping-taxable","14":"purchasable","15":"product-type-simple"},"_links":{"self":[{"href":"https:\/\/langannhien.net\/index.php?rest_route=\/wp\/v2\/product\/917","targetHints":{"allow":["GET"]}}],"collection":[{"href":"https:\/\/langannhien.net\/index.php?rest_route=\/wp\/v2\/product"}],"about":[{"href":"https:\/\/langannhien.net\/index.php?rest_route=\/wp\/v2\/types\/product"}],"replies":[{"embeddable":true,"href":"https:\/\/langannhien.net\/index.php?rest_route=%2Fwp%2Fv2%2Fcomments&post=917"}],"wp:featuredmedia":[{"embeddable":true,"href":"https:\/\/langannhien.net\/index.php?rest_route=\/wp\/v2\/media\/1019"}],"wp:attachment":[{"href":"https:\/\/langannhien.net\/index.php?rest_route=%2Fwp%2Fv2%2Fmedia&parent=917"}],"wp:term":[{"taxonomy":"product_cat","embeddable":true,"href":"https:\/\/langannhien.net\/index.php?rest_route=%2Fwp%2Fv2%2Fproduct_cat&post=917"},{"taxonomy":"product_tag","embeddable":true,"href":"https:\/\/langannhien.net\/index.php?rest_route=%2Fwp%2Fv2%2Fproduct_tag&post=917"}],"curies":[{"name":"wp","href":"https:\/\/api.w.org\/{rel}","templated":true}]}}