{"id":876,"date":"2024-10-21T05:27:44","date_gmt":"2024-10-21T05:27:44","guid":{"rendered":"https:\/\/langannhien.net\/?post_type=product&#038;p=876"},"modified":"2024-11-09T16:54:20","modified_gmt":"2024-11-09T16:54:20","slug":"dau-goi-buoi-lang-an-nhien-300ml","status":"publish","type":"product","link":"https:\/\/langannhien.net\/?product=dau-goi-buoi-lang-an-nhien-300ml","title":{"rendered":"D\u1ea7u G\u1ed9i B\u01b0\u1edfi L\u00e0ng An Nhi\u00ean 300ml"},"content":{"rendered":"<p>D\u1ea7u g\u1ed9i b\u01b0\u1edfi L\u00e0ng An Nhi\u00ean 300ml gi\u00fap gi\u1ea3m r\u1ee5ng t\u00f3c, \u00a0nu\u00f4i d\u01b0\u1ee1ng t\u00f3c t\u1eeb s\u00e2u b\u00ean trong, cung c\u1ea5p d\u01b0\u1ee1ng ch\u1ea5t gi\u00fap t\u00f3c ch\u1eafc kh\u1ecfe, ph\u1ee5c h\u1ed3i t\u00f3c h\u01b0 t\u1ed5n do t\u00e1c \u0111\u1ed9ng c\u1ee7a m\u00f4i tr\u01b0\u1eddng v\u00e0 h\u00f3a ch\u1ea5t, gi\u00fap t\u00f3c lu\u00f4n kh\u1ecfe m\u1ea1nh, su\u00f4n m\u01b0\u1ee3t v\u00e0 m\u1ec1m m\u1ea1i.<\/p>\n<p><strong>C\u00f4ng d\u1ee5ng d\u1ea7u g\u1ed9i b\u01b0\u1edfi LAN<\/strong><br \/>\n&#8211; Gi\u1ea3m r\u1ee5ng t\u00f3c, gi\u00fap m\u1ecdc t\u00f3c<br \/>\n&#8211; Cung c\u1ea5p d\u01b0\u1ee1ng ch\u1ea5t cho t\u00f3c, b\u1ea3o v\u1ec7 t\u00f3c tr\u01b0\u1edbc t\u00e1c \u0111\u1ed9ng c\u1ee7a m\u00f4i tr\u01b0\u1eddng v\u00e0 h\u00f3a ch\u1ea5t.<br \/>\n&#8211; Gi\u00fap t\u00f3c lu\u00f4n m\u1ea1nh kh\u1ecfe, su\u00f4n m\u01b0\u1ee3t, m\u1ec1m m\u1ea1i<br \/>\n&#8211; Nu\u00f4i d\u01b0\u1ee1ng m\u00e1i t\u00f3c \u0111\u1eb9p m\u1ed9t c\u00e1ch t\u1ef1 nhi\u00ean t\u01b0 b\u00ean trong.<\/p>\n<p><img loading=\"lazy\" decoding=\"async\" class=\"aligncenter size-full wp-image-1004\" src=\"http:\/\/langannhien.net\/wp-content\/uploads\/2024\/10\/17-1.png\" alt=\"\" width=\"1200\" height=\"1200\" srcset=\"https:\/\/langannhien.net\/wp-content\/uploads\/2024\/10\/17-1.png 1200w, https:\/\/langannhien.net\/wp-content\/uploads\/2024\/10\/17-1-300x300.png 300w, https:\/\/langannhien.net\/wp-content\/uploads\/2024\/10\/17-1-1024x1024.png 1024w, https:\/\/langannhien.net\/wp-content\/uploads\/2024\/10\/17-1-150x150.png 150w, https:\/\/langannhien.net\/wp-content\/uploads\/2024\/10\/17-1-768x768.png 768w, https:\/\/langannhien.net\/wp-content\/uploads\/2024\/10\/17-1-600x600.png 600w, https:\/\/langannhien.net\/wp-content\/uploads\/2024\/10\/17-1-100x100.png 100w\" sizes=\"auto, (max-width: 1200px) 100vw, 1200px\" \/><\/p>\n<p><strong>Th\u00e0nh ph\u1ea7n ch\u00ednh d\u1ea7u g\u1ed9i b\u01b0\u1edfi LAN<\/strong><br \/>\n&#8211; Tinh d\u1ea7u v\u1ecf b\u01b0\u1edfi: Trong v\u1ecf b\u01b0\u1edfi h\u00e0m l\u01b0\u1ee3ng vitamin C r\u1ea5t cao \u0111\u1ed3ng th\u1eddi kh\u1ea3 n\u0103ng ch\u1ed1ng l\u1ea1i oxy ho\u00e1 m\u1ea1nh, T\u0103ng \u0111\u1ed9 d\u00e0y m\u1ecdc t\u00f3c. s\u1ebd gi\u00fap gi\u1ea3i ph\u00f3ng paraben v\u00e0 c\u00e1c ch\u1ea5t b\u1ea9n b\u00e1m tr\u00ean t\u00f3c.<br \/>\n&#8211; B\u1ed3 k\u1ebft: L\u01b0\u1ee3ng t\u00f3c g\u00e3y r\u1ee5ng c\u0169ng \u0111\u01b0\u1ee3c gi\u1ea3m \u0111\u00e1ng k\u1ec3 do h\u1ee3p ch\u1ea5t flavonozit v\u1edbi th\u00e0nh ph\u1ea7n ch\u00ednh saponaretin trong b\u1ed3 k\u1ebft gi\u00fap cung c\u1ea5p nh\u1eefng d\u01b0\u1ee1ng ch\u1ea5t c\u1ea7n thi\u1ebft \u0111\u1ec3 nu\u00f4i d\u01b0\u1ee1ng t\u00f3c t\u1eeb g\u1ed1c \u0111\u1ebfn ng\u1ecdn, \u0110\u1ed3ng th\u1eddi, b\u1ed5 sung d\u01b0\u1ee1ng kh\u00ed cho t\u00f3c, gi\u00fap t\u00f3c \u201cth\u1edf\u201d t\u1ed1t h\u01a1n.<br \/>\n&#8211; VItamin B5 : Gi\u00fap nu\u00f4i d\u01b0\u1ee1ng v\u00e0 c\u1ee7ng c\u1ed1 nang t\u00f3c, th\u00fac \u0111\u1ea9y qu\u00e1 tr\u00ecnh ph\u00e1t tri\u1ec3n m\u1ea1nh m\u1ebd v\u00e0 ng\u0103n ng\u1eeba r\u1ee5ng t\u00f3c , t\u0103ng \u0111\u1ed9 b\u00f3ng m\u01b0\u1ee3t v\u00e0 gi\u00fap t\u00f3c ch\u1eafc kh\u1ecfe h\u01a1n.<br \/>\n&#8211; M\u1ea7n tr\u1ea7u , H\u00e0 th\u1ee7 \u00f4 , Nha \u0111am : L\u00e0m d\u1ecbu da \u0111\u1ea7u , gi\u1ea3m ng\u1ee9a, ng\u0103n r\u1ee5ng t\u00f3c v\u00e0 b\u1ea1c t\u00f3c s\u1edbm.<\/p>\n<p>&nbsp;<\/p>\n<p>&nbsp;<\/p>\n","protected":false},"excerpt":{"rendered":"<p class=\"text-justify\"><strong>Xu\u1ea5t x\u1ee9:<\/strong>\u00a0Vi\u1ec7t Nam<br \/>\n<strong>Th\u01b0\u01a1ng hi\u1ec7u:\u00a0<\/strong>L\u00e0ng An Nhi\u00ean<br \/>\n<strong>Dung t\u00edch:\u00a0<\/strong>300ml<br \/>\n<strong>C\u00f4ng d\u1ee5ng:<\/strong><br \/>\n&#8211; Gi\u1ea3m r\u1ee5ng t\u00f3c, gi\u00fap m\u1ecdc t\u00f3c<br \/>\n&#8211; Cung c\u1ea5p d\u01b0\u1ee1ng ch\u1ea5t cho t\u00f3c, b\u1ea3o v\u1ec7 t\u00f3c tr\u01b0\u1edbc t\u00e1c \u0111\u1ed9ng c\u1ee7a m\u00f4i tr\u01b0\u1eddng v\u00e0 h\u00f3a ch\u1ea5t.<br \/>\n&#8211; Gi\u00fap t\u00f3c lu\u00f4n m\u1ea1nh kh\u1ecfe, su\u00f4n m\u01b0\u1ee3t, m\u1ec1m m\u1ea1i<br \/>\n&#8211; Nu\u00f4i d\u01b0\u1ee1ng m\u00e1i t\u00f3c \u0111\u1eb9p m\u1ed9t c\u00e1ch t\u1ef1 nhi\u00ean t\u01b0 b\u00ean trong<\/p>\n","protected":false},"featured_media":1004,"comment_status":"open","ping_status":"closed","template":"","meta":[],"product_cat":[71],"product_tag":[92,93,79,94],"class_list":{"0":"post-876","1":"product","2":"type-product","3":"status-publish","4":"has-post-thumbnail","6":"product_cat-cham-soc-co-the","7":"product_tag-dau-goi-buoi","8":"product_tag-dau-xa-buoi","9":"product_tag-lang-an-nhien","10":"product_tag-xit-toc-buoi","12":"first","13":"instock","14":"sale","15":"shipping-taxable","16":"purchasable","17":"product-type-simple"},"_links":{"self":[{"href":"https:\/\/langannhien.net\/index.php?rest_route=\/wp\/v2\/product\/876","targetHints":{"allow":["GET"]}}],"collection":[{"href":"https:\/\/langannhien.net\/index.php?rest_route=\/wp\/v2\/product"}],"about":[{"href":"https:\/\/langannhien.net\/index.php?rest_route=\/wp\/v2\/types\/product"}],"replies":[{"embeddable":true,"href":"https:\/\/langannhien.net\/index.php?rest_route=%2Fwp%2Fv2%2Fcomments&post=876"}],"wp:featuredmedia":[{"embeddable":true,"href":"https:\/\/langannhien.net\/index.php?rest_route=\/wp\/v2\/media\/1004"}],"wp:attachment":[{"href":"https:\/\/langannhien.net\/index.php?rest_route=%2Fwp%2Fv2%2Fmedia&parent=876"}],"wp:term":[{"taxonomy":"product_cat","embeddable":true,"href":"https:\/\/langannhien.net\/index.php?rest_route=%2Fwp%2Fv2%2Fproduct_cat&post=876"},{"taxonomy":"product_tag","embeddable":true,"href":"https:\/\/langannhien.net\/index.php?rest_route=%2Fwp%2Fv2%2Fproduct_tag&post=876"}],"curies":[{"name":"wp","href":"https:\/\/api.w.org\/{rel}","templated":true}]}}