{"id":874,"date":"2024-10-21T05:12:52","date_gmt":"2024-10-21T05:12:52","guid":{"rendered":"https:\/\/langannhien.net\/?post_type=product&#038;p=874"},"modified":"2024-11-09T16:16:19","modified_gmt":"2024-11-09T16:16:19","slug":"dau-goi-be-cloud-lang-an-nhien-250ml","status":"publish","type":"product","link":"https:\/\/langannhien.net\/?product=dau-goi-be-cloud-lang-an-nhien-250ml","title":{"rendered":"D\u1ea7u g\u1ed9i Be Cloud L\u00e0ng An Nhi\u00ean 250ml"},"content":{"rendered":"<p><strong>D\u1ea6U G\u1ed8I N\u01af\u1edaC HOA BE CLOUD MANG \u0110\u1ebeN CHO B\u1ea0N M\u00c1I T\u00d3C SU\u00d4N M\u01af\u1ee2T, B\u1ed2NG B\u1ec0NH NH\u01af M\u00c2Y<\/strong>C\u00e1c b\u1ea1n ph\u00e2n v\u00e2n kh\u00f4ng bi\u1ebft n\u00ean l\u1ef1a ch\u1ecdn d\u1ea7u g\u1ed9i nh\u01b0 th\u1ebf n\u00e0o, c\u00f3 g\u00e2y kh\u00f4 t\u00f3c, g\u00e2y r\u1ee5ng t\u00f3c kh\u00f4ng, m\u00f9i h\u01b0\u01a1ng nh\u01b0 th\u1ebf n\u00e0o c\u00f3 ph\u00f9 h\u1ee3p v\u1edbi m\u00ecnh hay kh\u00f4ng? R\u1ed3i d\u1ea7u x\u1ea3 m\u00ecnh n\u00ean l\u1ef1a ch\u1ecdn nh\u01b0 th\u1ebf n\u00e0o? Th\u00ec \u0111\u00e2y d\u1ea7u g\u1ed9i n\u01b0\u1edbc hoa Be Cloud s\u1ebd l\u00e0 l\u1ef1a ch\u1ecdn ph\u00f9 h\u1ee3p cho c\u00e1c b\u1ea1n.<\/p>\n<p><img loading=\"lazy\" decoding=\"async\" class=\"aligncenter size-full wp-image-996\" src=\"http:\/\/langannhien.net\/wp-content\/uploads\/2024\/10\/12-1.png\" alt=\"\" width=\"1200\" height=\"1200\" srcset=\"https:\/\/langannhien.net\/wp-content\/uploads\/2024\/10\/12-1.png 1200w, https:\/\/langannhien.net\/wp-content\/uploads\/2024\/10\/12-1-300x300.png 300w, https:\/\/langannhien.net\/wp-content\/uploads\/2024\/10\/12-1-1024x1024.png 1024w, https:\/\/langannhien.net\/wp-content\/uploads\/2024\/10\/12-1-150x150.png 150w, https:\/\/langannhien.net\/wp-content\/uploads\/2024\/10\/12-1-768x768.png 768w, https:\/\/langannhien.net\/wp-content\/uploads\/2024\/10\/12-1-600x600.png 600w, https:\/\/langannhien.net\/wp-content\/uploads\/2024\/10\/12-1-100x100.png 100w\" sizes=\"auto, (max-width: 1200px) 100vw, 1200px\" \/><\/p>\n<p>D\u1ea7u g\u1ed9i Be Cloud t\u00edch h\u1ee3p cho c\u00e1c b\u1ea1n v\u1eeba g\u1ed9i v\u1eeba x\u1ea3 l\u1ea1i c\u00f2n \u1ee7 t\u00f3c, gi\u00fap cho t\u00f3c lu\u00f4n ch\u1eafc kh\u1ecfe, su\u00f4n m\u01b0\u1ee3t, b\u1ed3ng b\u1ec1nh \u0111\u00fang nh\u01b0 v\u1edbi th\u00f4ng \u0111i\u1ec7p &#8220;Be Cloud&#8221;. Mang \u0111\u1ebfn m\u00f9i h\u01b0\u01a1ng ng\u1ecdt ng\u00e0o, nh\u1eb9 nh\u00e0ng khi g\u1ed9i gi\u00fap c\u00e1c b\u1ea1n c\u1ea3m th\u1ea5y tho\u1ea3i m\u00e1i d\u1ec5 ch\u1ecbu.<\/p>\n<p><strong>C\u00f4ng d\u1ee5ng:<\/strong><\/p>\n<p>L\u00e0m s\u1ea1ch t\u00f3c v\u00e0 da \u0111\u1ea7u: T\u01b0\u01a1ng t\u1ef1 nh\u01b0 c\u00e1c s\u1ea3n ph\u1ea9m d\u1ea7u g\u1ed9i kh\u00e1c, d\u1ea7u g\u1ed9i h\u01b0\u01a1ng n\u01b0\u1edbc hoa c\u00f3 c\u00f4ng d\u1ee5ng l\u00e0m s\u1ea1ch b\u1ee5i b\u1ea9n tr\u00ean t\u00f3c v\u00e0 d\u1ea7u tr\u00ean da \u0111\u1ea7u. T\u1eeb \u0111\u00f3, da d\u1ea7u kh\u00f4ng c\u00f2n c\u1ea3m gi\u00e1c b\u1ebft r\u00edt, ng\u1ee9a ng\u00e1y kh\u00f3 ch\u1ecbu.<\/p>\n<p>Nu\u00f4i d\u01b0\u1ee1ng t\u00f3c kh\u1ecfe \u0111\u1eb9p: C\u00e1c lo\u1ea1i d\u1ea7u g\u1ed9i h\u01b0\u01a1ng n\u01b0\u1edbc hoa \u0111\u1ec1u \u0111\u01b0\u1ee3c b\u1ed5 sung nh\u1eefng th\u00e0nh ph\u1ea7n gi\u00fap nu\u00f4i d\u01b0\u1ee1ng m\u00e1i t\u00f3c kh\u1ecfe \u0111\u1eb9p, gi\u00fap m\u00e1i t\u00f3c tr\u1edf n\u00ean su\u00f4n m\u01b0\u1ee3t, ch\u1eafc kh\u1ecfe v\u00e0 tr\u00e0n \u0111\u1ea7y s\u1ee9c s\u1ed1ng.<\/p>\n<p>L\u01b0u gi\u1eef h\u01b0\u01a1ng th\u01a1m quy\u1ebfn r\u0169: M\u1ed9t \u0111i\u1ec3m n\u1ed5i b\u1eadt c\u1ee7a d\u1ea7u g\u1ed9i h\u01b0\u01a1ng n\u01b0\u1edbc hoa ch\u00ednh l\u00e0 kh\u1ea3 n\u0103ng l\u01b0u gi\u1eef h\u01b0\u01a1ng th\u01a1m l\u00e2u, gi\u00fap m\u00e1i t\u00f3c lu\u00f4n c\u00f3 m\u00f9i h\u01b0\u01a1ng quy\u1ebfn r\u0169 v\u00e0 mang l\u1ea1i s\u1ef1 t\u1ef1 tin cho ph\u00e1i \u0111\u1eb9p.<\/p>\n<p><strong>H\u01b0\u1edbng d\u1eabn s\u1eed d\u1ee5ng:<\/strong><\/p>\n<p>B\u01b0\u1edbc 1: L\u00e0m \u01b0\u1edbt t\u00f3c.<br \/>\nB\u01b0\u1edbc 2: L\u1ea5y m\u1ed9t l\u01b0\u1ee3ng s\u1ea3n ph\u1ea9m v\u1eeba \u0111\u1ee7.<br \/>\nB\u01b0\u1edbc 3: Xoa \u0111\u1ec1u l\u00ean t\u00f3c \u0111\u1ec3 t\u1ea1o b\u1ecdt.<br \/>\nB\u01b0\u1edbc 4: G\u1ed9i s\u1ea1ch l\u1ea1i v\u1edbi n\u01b0\u1edbc.<\/p>\n","protected":false},"excerpt":{"rendered":"<p class=\"text-justify\"><strong>Th\u01b0\u01a1ng hi\u1ec7u:<\/strong>\u00a0L\u00e0ng An Nhi\u00ean<br \/>\n<strong>Xu\u1ea5t x\u1ee9:<\/strong>\u00a0Vi\u1ec7t Nam<br \/>\n<strong>Dung t\u00edch:<\/strong>\u00a0250ml<br \/>\n<strong>C\u00f4ng d\u1ee5ng:\u00a0<\/strong><br \/>\nD\u1ea7u g\u1ed9i n\u01b0\u1edbc hoa Be Cloud v\u1edbi h\u01b0\u01a1ng th\u01a1m sang tr\u1ecdng, ng\u1ecdt ng\u00e0o lan t\u1ecfa nh\u1eb9 nh\u00e0ng l\u01b0u h\u01b0\u01a1ng tr\u00ean t\u00f3c, \u0111\u01b0\u1ee3c b\u1ed5 sung tinh ch\u1ea5t thi\u00ean nhi\u00ean t\u1eeb Nha \u0110am v\u00e0 Vitamin B5, E nu\u00f4i d\u01b0\u1ee1ng m\u00e1i t\u00f3c b\u00f3ng m\u01b0\u1ee3t v\u00e0 ch\u1eafc kh\u1ecfe h\u01a1n m\u1ed7i ng\u00e0y.<\/p>\n","protected":false},"featured_media":996,"comment_status":"open","ping_status":"closed","template":"","meta":[],"product_cat":[71],"product_tag":[91,89,90,79],"class_list":{"0":"post-874","1":"product","2":"type-product","3":"status-publish","4":"has-post-thumbnail","6":"product_cat-cham-soc-co-the","7":"product_tag-be-cloud","8":"product_tag-dau-goi","9":"product_tag-dau-goi-nuoc-hoa","10":"product_tag-lang-an-nhien","12":"first","13":"instock","14":"sale","15":"shipping-taxable","16":"purchasable","17":"product-type-simple"},"_links":{"self":[{"href":"https:\/\/langannhien.net\/index.php?rest_route=\/wp\/v2\/product\/874","targetHints":{"allow":["GET"]}}],"collection":[{"href":"https:\/\/langannhien.net\/index.php?rest_route=\/wp\/v2\/product"}],"about":[{"href":"https:\/\/langannhien.net\/index.php?rest_route=\/wp\/v2\/types\/product"}],"replies":[{"embeddable":true,"href":"https:\/\/langannhien.net\/index.php?rest_route=%2Fwp%2Fv2%2Fcomments&post=874"}],"wp:featuredmedia":[{"embeddable":true,"href":"https:\/\/langannhien.net\/index.php?rest_route=\/wp\/v2\/media\/996"}],"wp:attachment":[{"href":"https:\/\/langannhien.net\/index.php?rest_route=%2Fwp%2Fv2%2Fmedia&parent=874"}],"wp:term":[{"taxonomy":"product_cat","embeddable":true,"href":"https:\/\/langannhien.net\/index.php?rest_route=%2Fwp%2Fv2%2Fproduct_cat&post=874"},{"taxonomy":"product_tag","embeddable":true,"href":"https:\/\/langannhien.net\/index.php?rest_route=%2Fwp%2Fv2%2Fproduct_tag&post=874"}],"curies":[{"name":"wp","href":"https:\/\/api.w.org\/{rel}","templated":true}]}}