{"id":859,"date":"2024-10-21T04:44:26","date_gmt":"2024-10-21T04:44:26","guid":{"rendered":"https:\/\/langannhien.net\/?post_type=product&#038;p=859"},"modified":"2024-11-10T07:35:33","modified_gmt":"2024-11-10T07:35:33","slug":"nuoc-hoa-kho-be-flower-lang-an-nhien","status":"publish","type":"product","link":"https:\/\/langannhien.net\/?product=nuoc-hoa-kho-be-flower-lang-an-nhien","title":{"rendered":"N\u01b0\u1edbc Hoa Kh\u00f4 Be Flower L\u00e0ng An Nhi\u00ean"},"content":{"rendered":"<p>\u0110\u00e2y l\u00e0 d\u1ea1ng n\u01b0\u1edbc hoa d\u01b0\u1edbi d\u1ea1ng s\u00e1p d\u1ebbo, th\u00e0nh ph\u1ea7n g\u1ed3m c\u00e1c tinh d\u1ea7u n\u01b0\u1edbc hoa c\u00f4 \u0111\u1eb7c v\u1edbi s\u00e1p ong, b\u01a1 th\u1ef1c v\u1eadt hay d\u1ea7u n\u1ec1n, t\u1ea1o n\u00ean m\u1ed9t m\u00f9i h\u01b0\u01a1ng \u0111\u1eb7c tr\u01b0ng v\u00e0 \u0111\u1ed9c \u0111\u00e1o.<\/p>\n<p><img loading=\"lazy\" decoding=\"async\" class=\"aligncenter size-full wp-image-860\" src=\"http:\/\/langannhien.net\/wp-content\/uploads\/2024\/10\/13.png\" alt=\"\" width=\"1200\" height=\"1200\" srcset=\"https:\/\/langannhien.net\/wp-content\/uploads\/2024\/10\/13.png 1200w, https:\/\/langannhien.net\/wp-content\/uploads\/2024\/10\/13-300x300.png 300w, https:\/\/langannhien.net\/wp-content\/uploads\/2024\/10\/13-1024x1024.png 1024w, https:\/\/langannhien.net\/wp-content\/uploads\/2024\/10\/13-150x150.png 150w, https:\/\/langannhien.net\/wp-content\/uploads\/2024\/10\/13-768x768.png 768w, https:\/\/langannhien.net\/wp-content\/uploads\/2024\/10\/13-600x600.png 600w, https:\/\/langannhien.net\/wp-content\/uploads\/2024\/10\/13-100x100.png 100w\" sizes=\"auto, (max-width: 1200px) 100vw, 1200px\" \/><br \/>\nV\u1edbi lo\u1ea1i n\u01b0\u1edbc hoa d\u1ea1ng x\u1ecbt truy\u1ec1n th\u1ed1ng th\u01b0\u1eddng l\u00e0 nh\u1eefng chai th\u1ee7y tinh c\u1ee1 l\u1edbn hay d\u1ec5 v\u1ee1, d\u1ec5 \u0111\u1ed5 ra ngo\u00e0i th\u00ec c\u00e1c lo\u1ea1i n\u01b0\u1edbc hoa kh\u00f4 l\u00e0 gi\u1ea3i ph\u00e1p h\u1eefu hi\u1ec7u, g\u1ecdn g\u00e0ng, n\u00f3 nh\u01b0 m\u1ed9t th\u1ecfi son hay h\u1ed9p ph\u1ea5n, ti\u1ec7n l\u1ee3i cho nh\u1eefng bu\u1ed5i g\u1eb7p m\u1eb7t, \u0111i ch\u01a1i, du l\u1ecbch hay c\u00f4ng t\u00e1c xa, \u0111\u1eb7c bi\u1ec7t nam hay n\u1eef \u0111\u1ec1u c\u00f3 th\u1ec3 s\u1eed d\u1ee5ng n\u01b0\u1edbc hoa kh\u00f4.<\/p>\n<p><img loading=\"lazy\" decoding=\"async\" class=\"aligncenter size-full wp-image-861\" src=\"http:\/\/langannhien.net\/wp-content\/uploads\/2024\/10\/14.png\" alt=\"\" width=\"1200\" height=\"1200\" srcset=\"https:\/\/langannhien.net\/wp-content\/uploads\/2024\/10\/14.png 1200w, https:\/\/langannhien.net\/wp-content\/uploads\/2024\/10\/14-300x300.png 300w, https:\/\/langannhien.net\/wp-content\/uploads\/2024\/10\/14-1024x1024.png 1024w, https:\/\/langannhien.net\/wp-content\/uploads\/2024\/10\/14-150x150.png 150w, https:\/\/langannhien.net\/wp-content\/uploads\/2024\/10\/14-768x768.png 768w, https:\/\/langannhien.net\/wp-content\/uploads\/2024\/10\/14-600x600.png 600w, https:\/\/langannhien.net\/wp-content\/uploads\/2024\/10\/14-100x100.png 100w\" sizes=\"auto, (max-width: 1200px) 100vw, 1200px\" \/><\/p>\n<p>\u0110\u1ed3ng th\u1eddi, n\u01b0\u1edbc hoa kh\u00f4 c\u00f3 m\u00f9i h\u01b0\u01a1ng r\u1ea5t l\u00e2u do kh\u00f4ng ch\u1ee9a c\u1ed3n, m\u00f9i h\u01b0\u01a1ng nh\u1eb9 nh\u00e0ng, tinh t\u1ebf, t\u1ef1 nhi\u00ean, m\u1ed9c m\u1ea1c nh\u01b0ng v\u1eabn quy\u1ebfn r\u0169 v\u00e0 thu h\u00fat.<\/p>\n<p>**\u01afu \u0111i\u1ec3m<br \/>\n&#8211; D\u1ea1ng s\u00e1p, nh\u1ecf g\u1ecdn, ti\u1ec7n l\u1ee3i.<br \/>\n&#8211; B\u1ea3o qu\u1ea3n trong h\u1ed9p k\u00edn, d\u1ec5 d\u00f9ng, d\u1ec5 b\u1ea3o qu\u1ea3n.<br \/>\n&#8211; H\u01b0\u01a1ng lan t\u1ecfa m\u1ea1nh, gi\u1eef \u0111\u01b0\u1ee3c l\u00e2u.<\/p>\n<p>H\u01af\u1edaNG D\u1eaaN S\u1eec D\u1ee4NG<br \/>\n1. D\u00f9ng \u0111\u1ea7u ng\u00f3n tay tr\u1ecf ch\u00e0 x\u00e1t l\u00ean l\u1edbp s\u00e1p th\u01a1m theo h\u00ecnh tr\u00f2n.<br \/>\n2. L\u1edbp n\u01b0\u1edbc hoa kh\u00f4 tr\u00ean c\u00f9ng s\u1ebd tan ra b\u1edfi nhi\u1ec7t c\u1ee7a ng\u00f3n tay.<br \/>\n3. Nh\u1eb9 nh\u00e0ng ch\u1ea5m v\u00e0o c\u00e1c \u0111i\u1ec3m c\u00f3 m\u1ea1ch \u0111\u1eadp nh\u01b0 g\u00e1y, c\u1ed5 tay\u2026 l\u00e0 m\u00f9i h\u01b0\u01a1ng s\u1ebd t\u1eeb t\u1eeb lan t\u1ecfa d\u1ec5 ch\u1ecbu.<\/p>\n","protected":false},"excerpt":{"rendered":"<p class=\"text-justify\">Th\u01b0\u01a1ng hi\u1ec7u: L\u00e0ng An Nhi\u00ean<br \/>\nXu\u1ea5t x\u1ee9: Vi\u1ec7t Nam<br \/>\nTr\u1ecdng l\u01b0\u1ee3ng: 10g<br \/>\nC\u00f4ng d\u1ee5ng:<br \/>\nT\u1ea1o h\u01b0\u01a1ng \u201cth\u01a1m t\u1ef1 th\u00e2n\u201d cho c\u01a1 th\u1ec3, ngo\u00e0i ra c\u00f2n c\u00f3 c\u00f4ng d\u1ee5ng d\u01b0\u1ee1ng m\u1ec1m m\u1ea1i l\u00e0n da c\u1ee7a b\u1ea1n.<\/p>\n","protected":false},"featured_media":1020,"comment_status":"open","ping_status":"closed","template":"","meta":[],"product_cat":[74],"product_tag":[79,81,82],"class_list":{"0":"post-859","1":"product","2":"type-product","3":"status-publish","4":"has-post-thumbnail","6":"product_cat-nuoc-hoa","7":"product_tag-lang-an-nhien","8":"product_tag-nuoc-hoa","9":"product_tag-nuoc-hoa-kho","11":"first","12":"instock","13":"sale","14":"shipping-taxable","15":"purchasable","16":"product-type-simple"},"_links":{"self":[{"href":"https:\/\/langannhien.net\/index.php?rest_route=\/wp\/v2\/product\/859","targetHints":{"allow":["GET"]}}],"collection":[{"href":"https:\/\/langannhien.net\/index.php?rest_route=\/wp\/v2\/product"}],"about":[{"href":"https:\/\/langannhien.net\/index.php?rest_route=\/wp\/v2\/types\/product"}],"replies":[{"embeddable":true,"href":"https:\/\/langannhien.net\/index.php?rest_route=%2Fwp%2Fv2%2Fcomments&post=859"}],"wp:featuredmedia":[{"embeddable":true,"href":"https:\/\/langannhien.net\/index.php?rest_route=\/wp\/v2\/media\/1020"}],"wp:attachment":[{"href":"https:\/\/langannhien.net\/index.php?rest_route=%2Fwp%2Fv2%2Fmedia&parent=859"}],"wp:term":[{"taxonomy":"product_cat","embeddable":true,"href":"https:\/\/langannhien.net\/index.php?rest_route=%2Fwp%2Fv2%2Fproduct_cat&post=859"},{"taxonomy":"product_tag","embeddable":true,"href":"https:\/\/langannhien.net\/index.php?rest_route=%2Fwp%2Fv2%2Fproduct_tag&post=859"}],"curies":[{"name":"wp","href":"https:\/\/api.w.org\/{rel}","templated":true}]}}