{"id":856,"date":"2024-10-21T04:39:51","date_gmt":"2024-10-21T04:39:51","guid":{"rendered":"https:\/\/langannhien.net\/?post_type=product&#038;p=856"},"modified":"2024-10-21T04:40:05","modified_gmt":"2024-10-21T04:40:05","slug":"nuoc-hoa-be-leaf-lang-an-nhien-10ml","status":"publish","type":"product","link":"https:\/\/langannhien.net\/?product=nuoc-hoa-be-leaf-lang-an-nhien-10ml","title":{"rendered":"N\u01b0\u1edbc Hoa Be Leaf L\u00e0ng An Nhi\u00ean 10ml"},"content":{"rendered":"<p><strong>N\u01af\u1edaC HOA BE LEAF MANG H\u01a0I TH\u1ede C\u1ee6A K\u00cd \u1ee8C NG\u1eccT NG\u00c0O<\/strong><\/p>\n<p>H\u01b0\u01a1ng th\u01a1m ng\u1ecdt ng\u00e0o v\u00e0 \u0111\u00e1ng y\u00eau c\u1ee7a Be Leaf ch\u1ec9 c\u1ea7n m\u1ed9t l\u1ea7n tho\u1ea3ng qua c\u0169ng \u0111\u1ee7 khi\u1ebfn ng\u01b0\u1eddi ta da di\u1ebft v\u00e0 ho\u00e0i ni\u1ec7m. \u0110\u00e2y l\u00e0 h\u01b0\u01a1ng th\u01a1m c\u1ee7a k\u00ed \u1ee9c, s\u00e2u s\u1eafc v\u00e0 n\u1ed3ng n\u00e0n, d\u00f9 cho \u0111\u00e3 t\u1eebng ch\u00ecm v\u00e0o t\u1ea7ng s\u00e2u c\u1ee7a tr\u00ed nh\u1edb v\u00e0 b\u1ecb ch\u00f4n v\u00f9i b\u1edfi n\u0103m th\u00e1ng. N\u1ebfu m\u1ed9t ng\u00e0y b\u1ea1n mu\u1ed1n tr\u1edf v\u1ec1 v\u1edbi tu\u1ed5i th\u01a1, mu\u1ed1n kh\u01a1i d\u1eady l\u1ea1i nh\u1eefng k\u00ed \u1ee9c \u0111\u00e3 ng\u1ee7 say h\u00e3y l\u1ea5p \u0111\u1ea7y kh\u00f4ng gian \u1ea5y c\u00f9ng v\u1edbi Be Leaf.<\/p>\n<p><img loading=\"lazy\" decoding=\"async\" class=\"aligncenter size-full wp-image-857\" src=\"http:\/\/langannhien.net\/wp-content\/uploads\/2024\/10\/3.png\" alt=\"\" width=\"1200\" height=\"1200\" srcset=\"https:\/\/langannhien.net\/wp-content\/uploads\/2024\/10\/3.png 1200w, https:\/\/langannhien.net\/wp-content\/uploads\/2024\/10\/3-300x300.png 300w, https:\/\/langannhien.net\/wp-content\/uploads\/2024\/10\/3-1024x1024.png 1024w, https:\/\/langannhien.net\/wp-content\/uploads\/2024\/10\/3-150x150.png 150w, https:\/\/langannhien.net\/wp-content\/uploads\/2024\/10\/3-768x768.png 768w, https:\/\/langannhien.net\/wp-content\/uploads\/2024\/10\/3-600x600.png 600w, https:\/\/langannhien.net\/wp-content\/uploads\/2024\/10\/3-100x100.png 100w\" sizes=\"auto, (max-width: 1200px) 100vw, 1200px\" \/><\/p>\n<p>H\u01b0\u01a1ng n\u01b0\u1edbc hoa thay \u0111\u1ed5i v\u1edbi 3 t\u1ea7ng h\u01b0\u01a1ng n\u1ed1i ti\u1ebfp:<\/p>\n<p>&#8211; T\u1ea7ng \u0111\u1ea7u: Fruity (tr\u00e1i c\u00e2y) Chi\u1ebft xu\u1ea5t t\u1eeb c\u00e1c lo\u1ea1i qu\u1ea3 , m\u00f9i h\u01b0\u01a1ng \u0111em l\u1ea1i c\u1ea3m gi\u00e1c s\u1ed1ng \u0111\u1ed9ng, g\u1ee3i nh\u1edb k\u1ec9 ni\u1ec7m.<br \/>\n&#8211; T\u1ea7ng gi\u1eefa: White Flower (h\u01b0\u01a1ng hoa tr\u1eafng) h\u1ed9i t\u1ee5 c\u00e1c lo\u1ea1i hoa n\u00e0y t\u1ea1o c\u1ea3m gi\u00e1c quy\u1ebfn r\u0169 , s\u00e2u s\u1eafc v\u00e0 kh\u00e1 n\u1ed3ng n\u00e0n&#8230; nh\u01b0 hoa s\u1ee9 , hoa nh\u00e0i t\u00e2y , hoa d\u00e0nh d\u00e0nh , hoa hu\u1ec7 , hoa cam.<br \/>\n&#8211; T\u1ea7ng cu\u1ed1i: X\u1ea1 h\u01b0\u01a1ng \u1ea5m \u00e1p, tr\u1ea7m l\u1eafng, quy\u1ebfn r\u0169 v\u00e0 l\u01b0u h\u01b0\u01a1ng l\u00e2u.<\/p>\n<p><img loading=\"lazy\" decoding=\"async\" class=\"aligncenter size-full wp-image-858\" src=\"http:\/\/langannhien.net\/wp-content\/uploads\/2024\/10\/4.png\" alt=\"\" width=\"1200\" height=\"1200\" srcset=\"https:\/\/langannhien.net\/wp-content\/uploads\/2024\/10\/4.png 1200w, https:\/\/langannhien.net\/wp-content\/uploads\/2024\/10\/4-300x300.png 300w, https:\/\/langannhien.net\/wp-content\/uploads\/2024\/10\/4-1024x1024.png 1024w, https:\/\/langannhien.net\/wp-content\/uploads\/2024\/10\/4-150x150.png 150w, https:\/\/langannhien.net\/wp-content\/uploads\/2024\/10\/4-768x768.png 768w, https:\/\/langannhien.net\/wp-content\/uploads\/2024\/10\/4-600x600.png 600w, https:\/\/langannhien.net\/wp-content\/uploads\/2024\/10\/4-100x100.png 100w\" sizes=\"auto, (max-width: 1200px) 100vw, 1200px\" \/><\/p>\n<p>\u0110\u00e2y l\u00e0 h\u01b0\u01a1ng th\u01a1m \u0111\u00edch th\u1ecb d\u00e0nh cho c\u00e1c ch\u1ecb em nh\u1eefng t\u00e2m h\u1ed3n y\u00eau th\u00edch s\u1ef1 ng\u1ecdt ng\u00e0o, l\u00e3ng m\u1ea1n, mang \u0111\u1ea7y ni\u1ec1m tin v\u00e0 hy v\u1ecdng v\u00e0o cu\u1ed9c s\u1ed1ng v\u00e0 tr\u00e2n qu\u00fd m\u1ecdi kho\u1ea3nh kh\u1eafc cu\u1ed9c s\u1ed1ng. N\u1ebfu b\u1ea1n \u0111ang t\u00ecm &#8220;m\u1ed9t chi\u1ebfc v\u00e9&#8221; du h\u00e0nh mi\u1ec1n k\u00ed \u1ee9c th\u00ec Be Leaf d\u00e0nh cho b\u1ea1n \u0111\u00f3 nha.<\/p>\n<p><strong>\u0110\u1ed9 l\u01b0u h\u01b0\u01a1ng:\u00a0<\/strong>6~10 ti\u1ebfng.<\/p>\n<p><strong>H\u01b0\u1edbng d\u1eabn s\u1eed d\u1ee5ng:<\/strong><\/p>\n<p>&#8211; Thoa n\u01b0\u1edbc hoa v\u00e0o c\u00e1c \u0111i\u1ec3m m\u1ea1ch \u0111\u1eadp.<br \/>\n&#8211; Gi\u1eef c\u00e1ch th\u00e2n kho\u1ea3ng 8cm v\u00e0 x\u1ecbt l\u00ean c\u01a1 th\u1ec3.<br \/>\n&#8211; Kh\u00f4ng s\u1eed d\u1ee5ng g\u1ea7n l\u1eeda ho\u1eb7c n\u01a1i c\u00f3 nhi\u1ec7t \u0111\u1ed9 cao.<br \/>\n&#8211; Kh\u00f4ng x\u1ecbt v\u00e0o m\u1eaft.<\/p>\n<p><strong>B\u1ea3o qu\u1ea3n:<\/strong>\u00a0tr\u00e1nh \u00e1nh s\u00e1ng tr\u1ef1c ti\u1ebfp, b\u1ea3o qu\u1ea3n n\u01a1i kh\u00f4 m\u00e1t tho\u00e1ng \u0111\u00e3ng.<\/p>\n","protected":false},"excerpt":{"rendered":"<p dir=\"ltr\"><strong>Xu\u1ea5t x\u1ee9:<\/strong>\u00a0Vi\u1ec7t Nam<br \/>\n<strong>Th\u01b0\u01a1ng hi\u1ec7u:\u00a0<\/strong>L\u00e0ng An Nhi\u00ean<br \/>\n<strong>Dung t\u00edch:\u00a0<\/strong>10ml<br \/>\n<strong>H\u01b0\u01a1ng ch\u00ednh:\u00a0<\/strong>H\u01b0\u01a1ng hoa qu\u1ea3 ng\u1ecdt ng\u00e0o v\u00e0 x\u1ea1 h\u01b0\u01a1ng l\u00f4i cu\u1ed1n.<br \/>\n<strong>Phong c\u00e1ch:<\/strong>\u00a0Ng\u1ecdt ng\u00e0o v\u00e0 l\u00f4i cu\u1ed1n<br \/>\n<strong>\u0110\u1ed9 l\u01b0u h\u01b0\u01a1ng:<\/strong>\u00a06 \u0111\u1ebfn 10 ti\u1ebfng<\/p>\n","protected":false},"featured_media":857,"comment_status":"open","ping_status":"closed","template":"","meta":[],"product_cat":[74],"product_tag":[],"class_list":{"0":"post-856","1":"product","2":"type-product","3":"status-publish","4":"has-post-thumbnail","6":"product_cat-nuoc-hoa","8":"first","9":"instock","10":"sale","11":"shipping-taxable","12":"purchasable","13":"product-type-simple"},"_links":{"self":[{"href":"https:\/\/langannhien.net\/index.php?rest_route=\/wp\/v2\/product\/856","targetHints":{"allow":["GET"]}}],"collection":[{"href":"https:\/\/langannhien.net\/index.php?rest_route=\/wp\/v2\/product"}],"about":[{"href":"https:\/\/langannhien.net\/index.php?rest_route=\/wp\/v2\/types\/product"}],"replies":[{"embeddable":true,"href":"https:\/\/langannhien.net\/index.php?rest_route=%2Fwp%2Fv2%2Fcomments&post=856"}],"wp:featuredmedia":[{"embeddable":true,"href":"https:\/\/langannhien.net\/index.php?rest_route=\/wp\/v2\/media\/857"}],"wp:attachment":[{"href":"https:\/\/langannhien.net\/index.php?rest_route=%2Fwp%2Fv2%2Fmedia&parent=856"}],"wp:term":[{"taxonomy":"product_cat","embeddable":true,"href":"https:\/\/langannhien.net\/index.php?rest_route=%2Fwp%2Fv2%2Fproduct_cat&post=856"},{"taxonomy":"product_tag","embeddable":true,"href":"https:\/\/langannhien.net\/index.php?rest_route=%2Fwp%2Fv2%2Fproduct_tag&post=856"}],"curies":[{"name":"wp","href":"https:\/\/api.w.org\/{rel}","templated":true}]}}