{"id":853,"date":"2024-10-21T04:35:44","date_gmt":"2024-10-21T04:35:44","guid":{"rendered":"https:\/\/langannhien.net\/?post_type=product&#038;p=853"},"modified":"2024-10-21T04:40:39","modified_gmt":"2024-10-21T04:40:39","slug":"nuoc-hoa-be-tropical-lang-an-nhien-10ml","status":"publish","type":"product","link":"https:\/\/langannhien.net\/?product=nuoc-hoa-be-tropical-lang-an-nhien-10ml","title":{"rendered":"N\u01b0\u1edbc Hoa Be Tropical L\u00e0ng An Nhi\u00ean 10ml"},"content":{"rendered":"<p><strong>TROPICAL: M\u00d9I H\u01af\u01a0NG C\u1ee6A T\u1ef0 T\u1ea0I, V\u00d4 LO\u00a0<\/strong>\u0110\u01b0\u1ee3c m\u1ec7nh danh l\u00e0 &#8220;c\u00f4 g\u00e1i c\u1ee7a \u0111\u1ea1i ng\u00e0n&#8221;, m\u00f9i h\u01b0\u01a1ng n\u01b0\u1edbc hoa Be Tropical l\u00e0 s\u1ef1 giao thoa gi\u1eefa hoa c\u1ecf, c\u00e2y xanh mang c\u1ea3m gi\u00e1c ph\u00f3ng kho\u00e1ng h\u1ec7t nh\u01b0 c\u00f4 g\u00e1i Gypsy gi\u1eefa r\u1eebng hoa b\u1ea1t ng\u00e0n, \u0111\u1ea7y h\u01b0\u01a1ng s\u1eafc, c\u00f3 ch\u00fat hoang d\u00e3 v\u00e0 t\u1ef1 do.\u00a0M\u1ed9t m\u00f9i h\u01b0\u01a1ng tuy\u1ec7t v\u1eddi x\u00f3a tan nh\u1eefng m\u1ec7t m\u1ecfi v\u00e0 c\u0103ng th\u1eb3ng th\u01b0\u1eddng nh\u1eadt nh\u01b0 ru ng\u01b0\u1eddi ta v\u00e0o gi\u1ea5c m\u1ed9ng nam kha, vi\u1ec3n v\u00f4ng nh\u01b0ng c\u0169ng \u0111\u1ea7y kh\u00e1t khao.<\/p>\n<p><img loading=\"lazy\" decoding=\"async\" class=\"aligncenter size-full wp-image-854\" src=\"http:\/\/langannhien.net\/wp-content\/uploads\/2024\/10\/5.png\" alt=\"\" width=\"1200\" height=\"1200\" srcset=\"https:\/\/langannhien.net\/wp-content\/uploads\/2024\/10\/5.png 1200w, https:\/\/langannhien.net\/wp-content\/uploads\/2024\/10\/5-300x300.png 300w, https:\/\/langannhien.net\/wp-content\/uploads\/2024\/10\/5-1024x1024.png 1024w, https:\/\/langannhien.net\/wp-content\/uploads\/2024\/10\/5-150x150.png 150w, https:\/\/langannhien.net\/wp-content\/uploads\/2024\/10\/5-768x768.png 768w, https:\/\/langannhien.net\/wp-content\/uploads\/2024\/10\/5-600x600.png 600w, https:\/\/langannhien.net\/wp-content\/uploads\/2024\/10\/5-100x100.png 100w\" sizes=\"auto, (max-width: 1200px) 100vw, 1200px\" \/><\/p>\n<p>N\u1ed1t h\u01b0\u01a1ng ng\u1ecdt ng\u00e0o \u1ea9n ch\u00ecm sau t\u1ea7ng t\u1ea7ng l\u1edbp l\u1edbp h\u01b0\u01a1ng hoa \u0111\u1ee7 lo\u1ea1i \u0111an xen, c\u00f3 v\u1ecb thanh m\u00e1t, c\u00f3 v\u1ecb chua ng\u1ecdt, c\u00f3 v\u1ecb c\u1ee7a bi\u1ec3n, c\u00f3 v\u1ecb c\u1ee7a m\u00f9a xu\u00e2n ph\u1ee7 \u0111\u1ea7y hoa v\u00e0 b\u01b0\u1edbm, chuy\u1ec3n m\u00ecnh v\u1edbi 3 t\u1ea7ng h\u01b0\u01a1ng quy\u1ebfn r\u0169:<br \/>\n<img loading=\"lazy\" decoding=\"async\" class=\"aligncenter size-full wp-image-855\" src=\"http:\/\/langannhien.net\/wp-content\/uploads\/2024\/10\/6.png\" alt=\"\" width=\"1200\" height=\"1200\" srcset=\"https:\/\/langannhien.net\/wp-content\/uploads\/2024\/10\/6.png 1200w, https:\/\/langannhien.net\/wp-content\/uploads\/2024\/10\/6-300x300.png 300w, https:\/\/langannhien.net\/wp-content\/uploads\/2024\/10\/6-1024x1024.png 1024w, https:\/\/langannhien.net\/wp-content\/uploads\/2024\/10\/6-150x150.png 150w, https:\/\/langannhien.net\/wp-content\/uploads\/2024\/10\/6-768x768.png 768w, https:\/\/langannhien.net\/wp-content\/uploads\/2024\/10\/6-600x600.png 600w, https:\/\/langannhien.net\/wp-content\/uploads\/2024\/10\/6-100x100.png 100w\" sizes=\"auto, (max-width: 1200px) 100vw, 1200px\" \/><br \/>\n&#8211;\u00a0 T\u1ea7ng \u0111\u1ea7u: Floral (h\u01b0\u01a1ng hoa) th\u01b0\u1eddng c\u00f3 m\u1eb7t trong h\u1ea7u h\u1ebft c\u00e1c lo\u1ea1i n\u01b0\u1edbc hoa, mang \u0111\u1ebfn th\u00f4ng \u0111i\u1ec7p n\u1eef t\u00ednh nh\u01b0 hoa nh\u00e0i t\u00e2y, hoa lan, hoa hu\u1ec7, hoa h\u1ed3ng\u2026<br \/>\n&#8211; T\u1ea7ng gi\u1eefa: Green (c\u00e2y xanh, th\u1ea3o m\u1ed9c) xu\u1ea5t ph\u00e1t t\u1eeb nguy\u00ean li\u1ec7u ban \u0111\u1ea7u l\u00e0 c\u00e1c lo\u1ea1i c\u00e2y, l\u00e1, c\u00e0nh&#8230; H\u01b0\u01a1ng th\u01a1m c\u1ee7a t\u00f4ng m\u00f9i n\u00e0y t\u1ea1o nh\u01b0 l\u00e1 c\u00e2y v\u00f2 n\u00e1t ho\u1eb7c c\u1ecf m\u1edbi c\u1eaft , mang h\u01a1i h\u01b0\u1edbng c\u1ee7a thi\u00ean nhi\u00ean, nh\u1ea5t l\u00e0 khi xu\u00e2n v\u1ec1.<br \/>\n&#8211; T\u1ea7ng cu\u1ed1i: D\u1eebng l\u1ea1i v\u1edbi x\u1ea1 h\u01b0\u01a1ng dai d\u1eb3ng, \u1ea5m \u00e1p, tr\u1ea7m l\u1eafng, quy\u1ebfn r\u0169.<\/p>\n<p><strong>\u0110\u1ed9 l\u01b0u h\u01b0\u01a1ng:\u00a0<\/strong>6~10 ti\u1ebfng.<\/p>\n<p><strong>H\u01b0\u1edbng d\u1eabn s\u1eed d\u1ee5ng:<\/strong><\/p>\n<p>&#8211; Thoa n\u01b0\u1edbc hoa v\u00e0o c\u00e1c \u0111i\u1ec3m m\u1ea1ch \u0111\u1eadp.<br \/>\n&#8211; Gi\u1eef c\u00e1ch th\u00e2n kho\u1ea3ng 8cm v\u00e0 x\u1ecbt l\u00ean c\u01a1 th\u1ec3.<br \/>\n&#8211; Kh\u00f4ng s\u1eed d\u1ee5ng g\u1ea7n l\u1eeda ho\u1eb7c n\u01a1i c\u00f3 nhi\u1ec7t \u0111\u1ed9 cao.<br \/>\n&#8211; Kh\u00f4ng x\u1ecbt v\u00e0o m\u1eaft.<\/p>\n","protected":false},"excerpt":{"rendered":"<p dir=\"ltr\"><strong>Xu\u1ea5t x\u1ee9:\u00a0<\/strong>Vi\u1ec7t Nam<br \/>\n<strong>Th\u01b0\u01a1ng hi\u1ec7u:<\/strong>\u00a0L\u00e0ng An Nhi\u00ean<br \/>\n<strong>Dung t\u00edch:\u00a0<\/strong>10ml<br \/>\n<strong>H\u01b0\u01a1ng ch\u00ednh:<\/strong>\u00a0H\u01b0\u01a1ng hoa m\u00f9a xu\u00e2n v\u00e0 c\u00e2y c\u1ed1i ng\u1ecdt m\u00e1t<br \/>\n<strong>Phong c\u00e1ch:<\/strong>\u00a0C\u00e1 t\u00ednh, quy\u1ebfn r\u0169 v\u00e0 l\u00e3ng m\u1ea1n.<br \/>\n<strong>\u0110\u1ed9 l\u01b0u h\u01b0\u01a1ng:<\/strong>\u00a06 \u0111\u1ebfn 10 ti\u1ebfng<\/p>\n","protected":false},"featured_media":854,"comment_status":"open","ping_status":"closed","template":"","meta":[],"product_cat":[74],"product_tag":[79,81],"class_list":{"0":"post-853","1":"product","2":"type-product","3":"status-publish","4":"has-post-thumbnail","6":"product_cat-nuoc-hoa","7":"product_tag-lang-an-nhien","8":"product_tag-nuoc-hoa","10":"first","11":"instock","12":"sale","13":"shipping-taxable","14":"purchasable","15":"product-type-simple"},"_links":{"self":[{"href":"https:\/\/langannhien.net\/index.php?rest_route=\/wp\/v2\/product\/853","targetHints":{"allow":["GET"]}}],"collection":[{"href":"https:\/\/langannhien.net\/index.php?rest_route=\/wp\/v2\/product"}],"about":[{"href":"https:\/\/langannhien.net\/index.php?rest_route=\/wp\/v2\/types\/product"}],"replies":[{"embeddable":true,"href":"https:\/\/langannhien.net\/index.php?rest_route=%2Fwp%2Fv2%2Fcomments&post=853"}],"wp:featuredmedia":[{"embeddable":true,"href":"https:\/\/langannhien.net\/index.php?rest_route=\/wp\/v2\/media\/854"}],"wp:attachment":[{"href":"https:\/\/langannhien.net\/index.php?rest_route=%2Fwp%2Fv2%2Fmedia&parent=853"}],"wp:term":[{"taxonomy":"product_cat","embeddable":true,"href":"https:\/\/langannhien.net\/index.php?rest_route=%2Fwp%2Fv2%2Fproduct_cat&post=853"},{"taxonomy":"product_tag","embeddable":true,"href":"https:\/\/langannhien.net\/index.php?rest_route=%2Fwp%2Fv2%2Fproduct_tag&post=853"}],"curies":[{"name":"wp","href":"https:\/\/api.w.org\/{rel}","templated":true}]}}