{"id":848,"date":"2024-10-21T04:28:54","date_gmt":"2024-10-21T04:28:54","guid":{"rendered":"https:\/\/langannhien.net\/?post_type=product&#038;p=848"},"modified":"2024-11-09T17:06:29","modified_gmt":"2024-11-09T17:06:29","slug":"sua-tam-be-leaf-lang-an-nhien-265ml","status":"publish","type":"product","link":"https:\/\/langannhien.net\/?product=sua-tam-be-leaf-lang-an-nhien-265ml","title":{"rendered":"S\u1eefa T\u1eafm Be Leaf L\u00e0ng An Nhi\u00ean 265ml"},"content":{"rendered":"<p><strong>S\u1eeeA T\u1eaeM BE LEAF MANG B\u1ea0N \u0110\u1ebeN V\u1edaI KHU V\u01af\u1edcN HOA NG\u1eccT NG\u00c0O<\/strong><\/p>\n<p>H\u01b0\u01a1ng th\u01a1m t\u1eeb s\u1eefa t\u1eafm Be Leaf s\u1ebd d\u1eabn \u0111\u01b0\u1eddng c\u00e1c b\u1ea1n \u0111\u1ebfn v\u1edbi khu v\u01b0\u1eddn hoa ng\u1ecdt ng\u00e0o, khu v\u01b0\u1eddn m\u00e0 ch\u1ec9 c\u00f3 nh\u1eefng \u0111i\u1ec1u v\u00f4 lo, v\u00f4 t\u01b0, nh\u1eefng \u0111i\u1ec1u vui v\u1ebb, b\u00ecnh y\u00ean. M\u00f9i h\u01b0\u01a1ng s\u1ebd gi\u00fap c\u00e1c b\u1ea1n xoa \u0111i nh\u1eefng \u0111i\u1ec1u t\u1ed5n th\u01b0\u01a1ng, ti\u00eau c\u1ef1c trong ng\u00e0y, mang c\u1ea3m gi\u00e1c nh\u1eb9 nh\u00e0ng, ng\u1ecdt ng\u00e0o, gi\u00fap c\u00e1c b\u1ea1n tho\u1ea3i m\u00e1i h\u01a1n sau khi t\u1eafm Be Leaf.<\/p>\n<p><img loading=\"lazy\" decoding=\"async\" class=\"aligncenter size-full wp-image-849\" src=\"http:\/\/langannhien.net\/wp-content\/uploads\/2024\/10\/12.png\" alt=\"\" width=\"1200\" height=\"1200\" srcset=\"https:\/\/langannhien.net\/wp-content\/uploads\/2024\/10\/12.png 1200w, https:\/\/langannhien.net\/wp-content\/uploads\/2024\/10\/12-300x300.png 300w, https:\/\/langannhien.net\/wp-content\/uploads\/2024\/10\/12-1024x1024.png 1024w, https:\/\/langannhien.net\/wp-content\/uploads\/2024\/10\/12-150x150.png 150w, https:\/\/langannhien.net\/wp-content\/uploads\/2024\/10\/12-768x768.png 768w, https:\/\/langannhien.net\/wp-content\/uploads\/2024\/10\/12-600x600.png 600w, https:\/\/langannhien.net\/wp-content\/uploads\/2024\/10\/12-100x100.png 100w\" sizes=\"auto, (max-width: 1200px) 100vw, 1200px\" \/><\/p>\n<p>Ngo\u00e0i ra s\u1eefa t\u1eafm BE LEAF c\u00f2n b\u1ed5 sung tinh ch\u1ea5t thi\u00ean nhi\u00ean t\u1eeb Nha \u0111am v\u00e0 Vitamin E nu\u00f4i d\u01b0\u1ee1ng l\u00e0n da m\u1ecbn m\u00e0ng v\u00e0 t\u01b0\u01a1i tr\u1ebb m\u1ed7i ng\u00e0y.<\/p>\n<p><strong>H\u01b0\u1edbng d\u1eabn s\u1eed d\u1ee5ng:<\/strong><\/p>\n<p>L\u1ea5y m\u1ed9t l\u01b0\u1ee3ng s\u1ea3n ph\u1ea3m v\u1eeba \u0111\u1ee7. Thoa \u0111\u1ec1 v\u00e0 massage nh\u1eb9 to\u00e0n th\u00e2n. T\u1eafm s\u1ea1ch l\u1ea1i v\u1edbi n\u01b0\u1edbc<\/p>\n<p>L\u01b0u \u00fd: \u0111\u1ec3 s\u1ea3n ph\u1ea9m \u1edf n\u01a1i th\u00f4ng tho\u00e1ng, tr\u00e1nh ti\u1ebfp x\u00fac tr\u1ef1c ti\u1ebfp v\u1edbi \u00e1nh n\u1eafng m\u1eb7t tr\u1eddi, nhi\u1ec7t \u0111\u1ed9 d\u01b0\u1edbi 30 \u0111\u1ed9 C.<\/p>\n","protected":false},"excerpt":{"rendered":"<p class=\"text-justify\"><strong>Th\u01b0\u01a1ng hi\u1ec7u:<\/strong>L\u00e0ng An Nhi\u00ean<br \/>\n<strong>Xu\u1ea5t x\u1ee9:<\/strong>\u00a0Vi\u1ec7t Nam<br \/>\n<strong>Dung t\u00edch:<\/strong>\u00a0265ml<br \/>\n<strong>C\u00f4ng d\u1ee5ng:<\/strong><br \/>\nS\u1eefa t\u1eafm Be Leaf mang \u0111\u1ebfn cho b\u1ea1n m\u1ed9t m\u00f9i h\u01b0\u01a1ng ng\u1ecdt ng\u00e0o, d\u1ecbu d\u00e0ng nh\u01b0ng kh\u00f4ng k\u00e9m s\u1ef1 quy\u1ebfn r\u0169. Lu\u00f4n t\u1ea1o cho b\u1ea1n m\u1ed9t c\u1ea3m gi\u00e1c th\u01b0 gi\u1ea3n v\u1edbi m\u00f9i nh\u1eb9 nh\u00e0ng v\u00e0 l\u00e0n da m\u1ecbn m\u00e0ng, c\u0103ng m\u01b0\u1edbt sau khi s\u1eed d\u1ee5ng s\u1ea3n ph\u1ea9m.<\/p>\n","protected":false},"featured_media":1016,"comment_status":"open","ping_status":"closed","template":"","meta":[],"product_cat":[71],"product_tag":[],"class_list":{"0":"post-848","1":"product","2":"type-product","3":"status-publish","4":"has-post-thumbnail","6":"product_cat-cham-soc-co-the","8":"first","9":"instock","10":"sale","11":"shipping-taxable","12":"purchasable","13":"product-type-simple"},"_links":{"self":[{"href":"https:\/\/langannhien.net\/index.php?rest_route=\/wp\/v2\/product\/848","targetHints":{"allow":["GET"]}}],"collection":[{"href":"https:\/\/langannhien.net\/index.php?rest_route=\/wp\/v2\/product"}],"about":[{"href":"https:\/\/langannhien.net\/index.php?rest_route=\/wp\/v2\/types\/product"}],"replies":[{"embeddable":true,"href":"https:\/\/langannhien.net\/index.php?rest_route=%2Fwp%2Fv2%2Fcomments&post=848"}],"wp:featuredmedia":[{"embeddable":true,"href":"https:\/\/langannhien.net\/index.php?rest_route=\/wp\/v2\/media\/1016"}],"wp:attachment":[{"href":"https:\/\/langannhien.net\/index.php?rest_route=%2Fwp%2Fv2%2Fmedia&parent=848"}],"wp:term":[{"taxonomy":"product_cat","embeddable":true,"href":"https:\/\/langannhien.net\/index.php?rest_route=%2Fwp%2Fv2%2Fproduct_cat&post=848"},{"taxonomy":"product_tag","embeddable":true,"href":"https:\/\/langannhien.net\/index.php?rest_route=%2Fwp%2Fv2%2Fproduct_tag&post=848"}],"curies":[{"name":"wp","href":"https:\/\/api.w.org\/{rel}","templated":true}]}}