{"id":845,"date":"2024-10-20T11:18:20","date_gmt":"2024-10-20T11:18:20","guid":{"rendered":"https:\/\/langannhien.net\/?post_type=product&#038;p=845"},"modified":"2024-11-09T17:07:05","modified_gmt":"2024-11-09T17:07:05","slug":"sua-tam-be-tropical-lang-an-nhien-265ml","status":"publish","type":"product","link":"https:\/\/langannhien.net\/?product=sua-tam-be-tropical-lang-an-nhien-265ml","title":{"rendered":"S\u1eefa T\u1eafm Be Tropical L\u00e0ng An Nhi\u00ean 265ml"},"content":{"rendered":"<p>H\u01b0\u01a1ng th\u01a1m t\u1eeb s\u1eefa t\u1eafm Be Tropical s\u1ebd d\u1eabn \u0111\u01b0\u1eddng c\u00e1c b\u1ea1n \u0111\u1ebfn v\u1edbi h\u00f2n \u0111\u1ea3o Hawaii t\u01b0\u01a1i m\u00e1t, s\u1ea3ng kho\u00e1i, th\u01b0 gi\u00e3n gi\u1eefa nh\u1eefng mu\u00f4n v\u00e0n kh\u00f4ng kh\u00ed &#8220;nhi\u1ec7t \u0111\u1edbi&#8221;, \u1edf \u0111\u00f3 ch\u1ec9 c\u00f3 nh\u1eefng \u0111i\u1ec1u v\u00f4 lo, v\u00f4 t\u01b0, nh\u1eefng \u0111i\u1ec1u vui v\u1ebb, b\u00ecnh y\u00ean. M\u00f9i h\u01b0\u01a1ng s\u1ebd gi\u00fap c\u00e1c b\u1ea1n trong tr\u1ea1ng th\u00e1i n\u0103ng \u0111\u1ed9ng, vui t\u01b0\u01a1i, x\u00f5a \u0111i nh\u1eefng \u01b0u phi\u1ec1n v\u00e0 \u0111\u1eafm m\u00ecnh trong h\u00f2n \u0111\u1ea3o &#8220;nhi\u1ec7t \u0111\u1edbi&#8221;\u00a0 sau khi t\u1eafm Be Tropical.<\/p>\n<p><img loading=\"lazy\" decoding=\"async\" class=\"aligncenter size-full wp-image-846\" src=\"http:\/\/langannhien.net\/wp-content\/uploads\/2024\/10\/z5949696542625_32ec165e2e5542533b9711a503208963.jpg\" alt=\"\" width=\"1920\" height=\"2560\" srcset=\"https:\/\/langannhien.net\/wp-content\/uploads\/2024\/10\/z5949696542625_32ec165e2e5542533b9711a503208963.jpg 1920w, https:\/\/langannhien.net\/wp-content\/uploads\/2024\/10\/z5949696542625_32ec165e2e5542533b9711a503208963-225x300.jpg 225w, https:\/\/langannhien.net\/wp-content\/uploads\/2024\/10\/z5949696542625_32ec165e2e5542533b9711a503208963-768x1024.jpg 768w, https:\/\/langannhien.net\/wp-content\/uploads\/2024\/10\/z5949696542625_32ec165e2e5542533b9711a503208963-1152x1536.jpg 1152w, https:\/\/langannhien.net\/wp-content\/uploads\/2024\/10\/z5949696542625_32ec165e2e5542533b9711a503208963-1536x2048.jpg 1536w, https:\/\/langannhien.net\/wp-content\/uploads\/2024\/10\/z5949696542625_32ec165e2e5542533b9711a503208963-600x800.jpg 600w\" sizes=\"auto, (max-width: 1920px) 100vw, 1920px\" \/><\/p>\n<p><strong>H\u01b0\u1edbng d\u1eabn s\u1eed d\u1ee5ng:<\/strong><br \/>\nL\u1ea5y m\u1ed9t l\u01b0\u1ee3ng s\u1ea3n ph\u1ea3m v\u1eeba \u0111\u1ee7. Thoa \u0111\u1ec1 v\u00e0 massage nh\u1eb9 to\u00e0n th\u00e2n. T\u1eafm s\u1ea1ch l\u1ea1i v\u1edbi n\u01b0\u1edbc<br \/>\nL\u01b0u \u00fd: \u00a0\u0111\u1ec3 s\u1ea3n ph\u1ea9m \u1edf n\u01a1i th\u00f4ng tho\u00e1ng, tr\u00e1nh ti\u1ebfp x\u00fac tr\u1ef1c ti\u1ebfp v\u1edbi \u00e1nh n\u1eafng m\u1eb7t tr\u1eddi, nhi\u1ec7t \u0111\u1ed9 d\u01b0\u1edbi 30 \u0111\u1ed9 C<\/p>\n","protected":false},"excerpt":{"rendered":"<p><strong>Th\u01b0\u01a1ng hi\u1ec7u<\/strong>:L\u00e0ng An Nhi\u00ean<br \/>\n<strong>Xu\u1ea5t x\u1ee9:<\/strong>\u00a0Vi\u1ec7t Nam<br \/>\n<strong>Dung t\u00edch:<\/strong>\u00a0265ml<br \/>\n<strong>C\u00f4ng d\u1ee5ng: <\/strong>S\u1eefa t\u1eafm Be Tropical\u00a0mang \u0111\u1ebfn cho b\u1ea1n m\u1ed9t m\u00f9i h\u01b0\u01a1ng thanh m\u00e1t, \u0111\u1eadm ch\u1ea5t &#8220;nhi\u1ec7t \u0111\u1edbi&#8221; nh\u01b0ng kh\u00f4ng k\u00e9m s\u1ef1\u00a0ng\u1ecdt ng\u00e0o, d\u1ecbu d\u00e0ng. Lu\u00f4n t\u1ea1o cho b\u1ea1n m\u1ed9t c\u1ea3m gi\u00e1c th\u01b0 gi\u1ea3n v\u1edbi m\u00f9i nh\u1eb9 nh\u00e0ng v\u00e0 l\u00e0n da m\u1ecbn m\u00e0ng, c\u0103ng m\u01b0\u1edbt sau khi s\u1eed d\u1ee5ng s\u1ea3n ph\u1ea9m.<\/p>\n","protected":false},"featured_media":1017,"comment_status":"open","ping_status":"closed","template":"","meta":[],"product_cat":[71],"product_tag":[79,78,80],"class_list":{"0":"post-845","1":"product","2":"type-product","3":"status-publish","4":"has-post-thumbnail","6":"product_cat-cham-soc-co-the","7":"product_tag-lang-an-nhien","8":"product_tag-sua-tam","9":"product_tag-sua-tam-tropical","11":"first","12":"instock","13":"sale","14":"shipping-taxable","15":"purchasable","16":"product-type-simple"},"_links":{"self":[{"href":"https:\/\/langannhien.net\/index.php?rest_route=\/wp\/v2\/product\/845","targetHints":{"allow":["GET"]}}],"collection":[{"href":"https:\/\/langannhien.net\/index.php?rest_route=\/wp\/v2\/product"}],"about":[{"href":"https:\/\/langannhien.net\/index.php?rest_route=\/wp\/v2\/types\/product"}],"replies":[{"embeddable":true,"href":"https:\/\/langannhien.net\/index.php?rest_route=%2Fwp%2Fv2%2Fcomments&post=845"}],"wp:featuredmedia":[{"embeddable":true,"href":"https:\/\/langannhien.net\/index.php?rest_route=\/wp\/v2\/media\/1017"}],"wp:attachment":[{"href":"https:\/\/langannhien.net\/index.php?rest_route=%2Fwp%2Fv2%2Fmedia&parent=845"}],"wp:term":[{"taxonomy":"product_cat","embeddable":true,"href":"https:\/\/langannhien.net\/index.php?rest_route=%2Fwp%2Fv2%2Fproduct_cat&post=845"},{"taxonomy":"product_tag","embeddable":true,"href":"https:\/\/langannhien.net\/index.php?rest_route=%2Fwp%2Fv2%2Fproduct_tag&post=845"}],"curies":[{"name":"wp","href":"https:\/\/api.w.org\/{rel}","templated":true}]}}